{"id":65,"date":"2021-07-05T10:21:28","date_gmt":"2021-07-05T10:21:28","guid":{"rendered":"https:\/\/www.csi-alps.unibe.ch\/?page_id=65"},"modified":"2022-06-13T15:12:20","modified_gmt":"2022-06-13T15:12:20","slug":"modul-1-minerale-gesteine","status":"publish","type":"page","link":"https:\/\/www.csi-alps.unibe.ch\/?page_id=65","title":{"rendered":"Modul 1: Minerale\/Gesteine"},"content":{"rendered":"\t\t<div data-elementor-type=\"wp-page\" data-elementor-id=\"65\" class=\"elementor elementor-65\">\n\t\t\t\t\t\t<section class=\"elementor-section elementor-top-section elementor-element elementor-element-b474999 elementor-section-boxed elementor-section-height-default elementor-section-height-default\" data-id=\"b474999\" data-element_type=\"section\" data-e-type=\"section\">\n\t\t\t\t\t\t<div class=\"elementor-container elementor-column-gap-default\">\n\t\t\t\t\t<div class=\"elementor-column elementor-col-100 elementor-top-column elementor-element elementor-element-422b9d58\" data-id=\"422b9d58\" data-element_type=\"column\" data-e-type=\"column\">\n\t\t\t<div class=\"elementor-widget-wrap elementor-element-populated\">\n\t\t\t\t\t\t<div class=\"elementor-element elementor-element-25c70be9 elementor-widget elementor-widget-text-editor\" data-id=\"25c70be9\" data-element_type=\"widget\" data-e-type=\"widget\" data-widget_type=\"text-editor.default\">\n\t\t\t\t<div class=\"elementor-widget-container\">\n\t\t\t\t\t\t\t\t\t<p><\/p>\n<h2 class=\"wp-block-heading\">Grundlagen der Sprache der Gesteine<\/h2>\n<p><\/p>\n<p>Modul 1 ist in sieben Basiskapitel unterteilt, wovon die Kapitel 3 bis 6 die Gesteine behandeln. Zu einigen Basiskapiteln existieren Erg\u00e4nzungen und Illustrationen, die in Abh\u00e4ngigkeit von Zeitbudget, Vorwissen der SuS und individuellen W\u00fcnschen nach Ausf\u00fchrlichkeit zus\u00e4tzlich behandelt werden k\u00f6nnen.<\/p>\n<p><\/p>\n<p>Auf der <a href=\"https:\/\/www.csi-alps.unibe.ch\/?page_id=572\" data-type=\"page\" data-id=\"572\">Downloadseite des Moduls 1<\/a> finden Sie alle Dokumente (Erl\u00e4uterungen, Basistext, Abbildungen, Erg\u00e4nzungen und Illustrationen.<\/p>\n<p><\/p>\n<figure><img decoding=\"async\" src=\"https:\/\/www.csi-alps.unibe.ch\/wp-content\/uploads\/2021\/07\/geologische-Archive.jpg\" alt=\"\"><p><\/p>\n<figcaption>Neben der Erdkruste und deren Morphologie existieren auch andere Archive wie Wasser, Eis, Boden, Flora und Fauna.<\/figcaption>\n<\/figure>\n<p><\/p>\n<ul class=\"wp-block-list\">\n<li><a href=\"https:\/\/www.csi-alps.unibe.ch\/wp-content\/uploads\/2022\/04\/1-Erla\u0308uterungen-fu\u0308r-Lehrpersonen.pdf\" target=\"_blank\" rel=\"noopener\">Erla\u0308uterungen fu\u0308r Lehrpersonen Modul 1<\/a>&nbsp;(pdf)<\/li>\n<li><a rel=\"noreferrer noopener\" href=\"https:\/\/www.csi-alps.unibe.ch\/wp-content\/uploads\/2022\/06\/1-Modul-Grundlagen-der-Sprache-der-Gesteine.zip\" target=\"_blank\">Download Modul 1 &#8211; Grundlagen der Sprache der Gesteine<\/a> (zip)<\/li><\/ul>\n<p><\/p>\n<div style=\"height: 100px;\" aria-hidden=\"true\"><\/div>\n<p><\/p>\t\t\t\t\t\t\t\t<\/div>\n\t\t\t\t<\/div>\n\t\t\t\t\t<\/div>\n\t\t<\/div>\n\t\t\t\t\t<\/div>\n\t\t<\/section>\n\t\t\t\t<\/div>\n\t\t","protected":false},"excerpt":{"rendered":"<p>Grundlagen der Sprache der Gesteine Modul 1 ist in sieben Basiskapitel unterteilt, wovon die Kapitel 3 bis 6 die Gesteine behandeln. Zu einigen Basiskapiteln existieren Erg\u00e4nzungen und Illustrationen, die in Abh\u00e4ngigkeit von Zeitbudget, Vorwissen der SuS und individuellen W\u00fcnschen nach Ausf\u00fchrlichkeit zus\u00e4tzlich behandelt werden k\u00f6nnen. Auf der Downloadseite des Moduls [&hellip;]<\/p>\n","protected":false},"author":2,"featured_media":0,"parent":57,"menu_order":2,"comment_status":"closed","ping_status":"closed","template":"","meta":{"footnotes":""},"class_list":["post-65","page","type-page","status-publish","hentry"],"_links":{"self":[{"href":"https:\/\/www.csi-alps.unibe.ch\/index.php?rest_route=\/wp\/v2\/pages\/65","targetHints":{"allow":["GET"]}}],"collection":[{"href":"https:\/\/www.csi-alps.unibe.ch\/index.php?rest_route=\/wp\/v2\/pages"}],"about":[{"href":"https:\/\/www.csi-alps.unibe.ch\/index.php?rest_route=\/wp\/v2\/types\/page"}],"author":[{"embeddable":true,"href":"https:\/\/www.csi-alps.unibe.ch\/index.php?rest_route=\/wp\/v2\/users\/2"}],"replies":[{"embeddable":true,"href":"https:\/\/www.csi-alps.unibe.ch\/index.php?rest_route=%2Fwp%2Fv2%2Fcomments&post=65"}],"version-history":[{"count":58,"href":"https:\/\/www.csi-alps.unibe.ch\/index.php?rest_route=\/wp\/v2\/pages\/65\/revisions"}],"predecessor-version":[{"id":2659,"href":"https:\/\/www.csi-alps.unibe.ch\/index.php?rest_route=\/wp\/v2\/pages\/65\/revisions\/2659"}],"up":[{"embeddable":true,"href":"https:\/\/www.csi-alps.unibe.ch\/index.php?rest_route=\/wp\/v2\/pages\/57"}],"wp:attachment":[{"href":"https:\/\/www.csi-alps.unibe.ch\/index.php?rest_route=%2Fwp%2Fv2%2Fmedia&parent=65"}],"curies":[{"name":"wp","href":"https:\/\/api.w.org\/{rel}","templated":true}]}}