{"id":60,"date":"2021-07-05T10:17:41","date_gmt":"2021-07-05T10:17:41","guid":{"rendered":"https:\/\/www.csi-alps.unibe.ch\/?page_id=60"},"modified":"2024-04-10T13:09:53","modified_gmt":"2024-04-10T13:09:53","slug":"downloads","status":"publish","type":"page","link":"https:\/\/www.csi-alps.unibe.ch\/?page_id=60","title":{"rendered":"Downloads"},"content":{"rendered":"\t\t<div data-elementor-type=\"wp-page\" data-elementor-id=\"60\" class=\"elementor elementor-60\">\n\t\t\t\t\t\t<section class=\"elementor-section elementor-top-section elementor-element elementor-element-295d5cd6 elementor-section-boxed elementor-section-height-default elementor-section-height-default\" data-id=\"295d5cd6\" data-element_type=\"section\" data-e-type=\"section\">\n\t\t\t\t\t\t<div class=\"elementor-container elementor-column-gap-default\">\n\t\t\t\t\t<div class=\"elementor-column elementor-col-100 elementor-top-column elementor-element elementor-element-3624ea8f\" data-id=\"3624ea8f\" data-element_type=\"column\" data-e-type=\"column\">\n\t\t\t<div class=\"elementor-widget-wrap elementor-element-populated\">\n\t\t\t\t\t\t<div class=\"elementor-element elementor-element-4ab7ab1b elementor-widget elementor-widget-text-editor\" data-id=\"4ab7ab1b\" data-element_type=\"widget\" data-e-type=\"widget\" data-widget_type=\"text-editor.default\">\n\t\t\t\t<div class=\"elementor-widget-container\">\n\t\t\t\t\t\t\t\t\t\n<p>Hier finden Sie alle Dokumente als Zip-Dateien inkl. Abbildungen, Illustrationen und Erg\u00e4nzungen je Modul zum herunterladen. Die einzelnen Dateien sind auf den betreffenden Modulseiten aufgef\u00fchrt.<\/p>\n\n\n\n<ul class=\"wp-block-list\"><li><a href=\"https:\/\/www.csi-alps.unibe.ch\/wp-content\/uploads\/2022\/06\/CSI-Alps-alle-Dateien-v202206.zip\" target=\"_blank\" rel=\"noreferrer noopener\">Download alle Dokumente<\/a> (2.2 GB, Version Juni 2022)<\/li><li><a rel=\"noreferrer noopener\" href=\"https:\/\/www.csi-alps.unibe.ch\/wp-content\/uploads\/2022\/06\/CSI-Alps-alle-Dateien-v202206-ohne-Exkursionen-und-Luftbilder.zip\" target=\"_blank\">Download alle Dokumente<\/a> (560 MB, Version Juni 2022, ohne Exkursionen und Luftbilder)<\/li><li><a href=\"https:\/\/www.csi-alps.unibe.ch\/wp-content\/uploads\/2021\/09\/CSI-Alps_v201002.zip\">Download alle Dokumente (zip)<\/a> (Version 2020)<\/li><\/ul>\n\n\n\n<p>&nbsp;Downloaddateien der einzelnen Module:<\/p>\n\n\n\n<ul class=\"wp-block-list\"><li><a rel=\"noreferrer noopener\" href=\"https:\/\/www.csi-alps.unibe.ch\/wp-content\/uploads\/2022\/04\/U\u0308berblick-u\u0308ber-alle-verfu\u0308gbaren-Dokumente-der-Module-1-bis-5-1.pdf\" target=\"_blank\">\u00dcberblick \u00fcber alle verf\u00fcgbaren Dokumente der Module 1 bis 5 (pdf)<\/a><\/li><li><a rel=\"noreferrer noopener\" href=\"https:\/\/www.csi-alps.unibe.ch\/wp-content\/uploads\/2022\/06\/1-Modul-Grundlagen-der-Sprache-der-Gesteine.zip\" target=\"_blank\">Modul 1 &#8211; Grundlagen der Sprache der Gesteine<\/a> (zip)<\/li><li><a rel=\"noreferrer noopener\" href=\"https:\/\/www.csi-alps.unibe.ch\/wp-content\/uploads\/2022\/06\/2-Modul-Kreislauf-der-Gesteine-und-Schalenbau-der-Erde.zip\" target=\"_blank\">Modul 2 &#8211; Kreislauf der Gesteine (zip)<\/a><\/li><li><a href=\"https:\/\/www.csi-alps.unibe.ch\/wp-content\/uploads\/2022\/06\/3-Modul-Toolbox-and-forensic-lab.zip\">Modul 3 &#8211; Toolbox and Forensic Lab (zip)<\/a><\/li><li><a rel=\"noreferrer noopener\" href=\"https:\/\/www.csi-alps.unibe.ch\/wp-content\/uploads\/2022\/06\/4-Modul-Plattentektonik.zip\" target=\"_blank\">Modul 4 &#8211; Plattentektonik (zip)<\/a><\/li><li><a rel=\"noreferrer noopener\" href=\"https:\/\/www.csi-alps.unibe.ch\/wp-content\/uploads\/2022\/06\/5-Modul-Geologie-der-Alpen.zip\" target=\"_blank\">Modul 5 &#8211; Geologie der Alpen (zip)<\/a><\/li><li><a href=\"https:\/\/www.csi-alps.unibe.ch\/wp-content\/uploads\/2022\/06\/6-Exkursionen.zip\">Exkursionen<\/a> (430 MB, zip)<\/li><li><a rel=\"noreferrer noopener\" href=\"https:\/\/www.csi-alps.unibe.ch\/wp-content\/uploads\/2022\/04\/7-U\u0308bungen.zip\" target=\"_blank\">\u00dcbungen (zip)<\/a><\/li><li><a rel=\"noreferrer noopener\" href=\"https:\/\/www.csi-alps.unibe.ch\/wp-content\/uploads\/2022\/06\/8-Geo-Highlights-der-Alpen-Luftbilder.zip\" target=\"_blank\">Geo-Highlights der Alpen (Luftbilder)<\/a> (1.2 GB, zip)<\/li><\/ul>\n\n\n\n<p>&nbsp;Weitere Dokumente<\/p>\n\n\n\n<ul class=\"wp-block-list\"><li><a href=\"https:\/\/www.csi-alps.unibe.ch\/wp-content\/uploads\/2022\/04\/Einfu\u0308hrung-fu\u0308r-Lehrpersonen.pdf\" target=\"_blank\" rel=\"noreferrer noopener\">Einfu\u0308hrung fu\u0308r Lehrpersonen (pdf)<\/a><\/li><li><a rel=\"noreferrer noopener\" href=\"https:\/\/www.csi-alps.unibe.ch\/wp-content\/uploads\/2022\/04\/Erla\u0308uterungen-zur-Gesteinssammlung-fu\u0308r-Lehrpersonen.pdf\" target=\"_blank\">Erla\u0308uterungen zur Gesteinssammlung fu\u0308r Lehrpersonen (pdf)<\/a><\/li><li><a rel=\"noopener\" href=\"https:\/\/www.csi-alps.unibe.ch\/wp-content\/uploads\/2022\/04\/Bildnachweis.pdf\" target=\"_blank\">Bildnachweis (pdf)<\/a><\/li><\/ul>\n\t\t\t\t\t\t\t\t<\/div>\n\t\t\t\t<\/div>\n\t\t\t\t\t<\/div>\n\t\t<\/div>\n\t\t\t\t\t<\/div>\n\t\t<\/section>\n\t\t\t\t<section class=\"elementor-section elementor-top-section elementor-element elementor-element-8a26941 elementor-section-boxed elementor-section-height-default elementor-section-height-default\" data-id=\"8a26941\" data-element_type=\"section\" data-e-type=\"section\">\n\t\t\t\t\t\t<div class=\"elementor-container elementor-column-gap-default\">\n\t\t\t\t\t<div class=\"elementor-column elementor-col-100 elementor-top-column elementor-element elementor-element-3be004e\" data-id=\"3be004e\" data-element_type=\"column\" data-e-type=\"column\">\n\t\t\t<div class=\"elementor-widget-wrap elementor-element-populated\">\n\t\t\t\t\t\t<div class=\"elementor-element elementor-element-9df279f wp_cr_box elementor-widget elementor-widget-sidebar\" data-id=\"9df279f\" data-element_type=\"widget\" data-e-type=\"widget\" data-widget_type=\"sidebar.default\">\n\t\t\t\t<div class=\"elementor-widget-container\">\n\t\t\t\t\t\t\t\t<div class=\"textwidget\"><p><strong>Copyright<\/strong>: Die Inhalte d\u00fcrfen f\u00fcr <strong>nicht kommerzielle Nutzungen frei verwendet<\/strong> werden. Lehrpersonen k\u00f6nnen die Inhalte f\u00fcr den schulischen Gebrauch ohne Quellenangaben nutzen.<\/p>\n<p>Alle anderen bitten wir um eine einfache <strong>Quellenangabe<\/strong> (<a href=\"https:\/\/www.csi-alps.unibe.ch\">www.csi-alps.unibe.ch<\/a>, Datum).<\/p>\n<\/div>\n\t\t\t\t\t\t<\/div>\n\t\t\t\t<\/div>\n\t\t\t\t\t<\/div>\n\t\t<\/div>\n\t\t\t\t\t<\/div>\n\t\t<\/section>\n\t\t\t\t<\/div>\n\t\t","protected":false},"excerpt":{"rendered":"<p>Hier finden Sie alle Dokumente als Zip-Dateien inkl. Abbildungen, Illustrationen und Erg\u00e4nzungen je Modul zum herunterladen. Die einzelnen Dateien sind auf den betreffenden Modulseiten aufgef\u00fchrt. Download alle Dokumente (2.2 GB, Version Juni 2022) Download alle Dokumente (560 MB, Version Juni 2022, ohne Exkursionen und Luftbilder) Download alle Dokumente (zip) (Version [&hellip;]<\/p>\n","protected":false},"author":2,"featured_media":1348,"parent":0,"menu_order":0,"comment_status":"closed","ping_status":"closed","template":"","meta":{"footnotes":""},"class_list":["post-60","page","type-page","status-publish","has-post-thumbnail","hentry"],"_links":{"self":[{"href":"https:\/\/www.csi-alps.unibe.ch\/index.php?rest_route=\/wp\/v2\/pages\/60","targetHints":{"allow":["GET"]}}],"collection":[{"href":"https:\/\/www.csi-alps.unibe.ch\/index.php?rest_route=\/wp\/v2\/pages"}],"about":[{"href":"https:\/\/www.csi-alps.unibe.ch\/index.php?rest_route=\/wp\/v2\/types\/page"}],"author":[{"embeddable":true,"href":"https:\/\/www.csi-alps.unibe.ch\/index.php?rest_route=\/wp\/v2\/users\/2"}],"replies":[{"embeddable":true,"href":"https:\/\/www.csi-alps.unibe.ch\/index.php?rest_route=%2Fwp%2Fv2%2Fcomments&post=60"}],"version-history":[{"count":60,"href":"https:\/\/www.csi-alps.unibe.ch\/index.php?rest_route=\/wp\/v2\/pages\/60\/revisions"}],"predecessor-version":[{"id":3139,"href":"https:\/\/www.csi-alps.unibe.ch\/index.php?rest_route=\/wp\/v2\/pages\/60\/revisions\/3139"}],"wp:featuredmedia":[{"embeddable":true,"href":"https:\/\/www.csi-alps.unibe.ch\/index.php?rest_route=\/wp\/v2\/media\/1348"}],"wp:attachment":[{"href":"https:\/\/www.csi-alps.unibe.ch\/index.php?rest_route=%2Fwp%2Fv2%2Fmedia&parent=60"}],"curies":[{"name":"wp","href":"https:\/\/api.w.org\/{rel}","templated":true}]}}