{"id":572,"date":"2021-07-21T12:21:58","date_gmt":"2021-07-21T12:21:58","guid":{"rendered":"https:\/\/www.csi-alps.unibe.ch\/?page_id=572"},"modified":"2024-04-10T13:11:43","modified_gmt":"2024-04-10T13:11:43","slug":"modul-1-downloads","status":"publish","type":"page","link":"https:\/\/www.csi-alps.unibe.ch\/?page_id=572","title":{"rendered":"Modul 1: Downloads"},"content":{"rendered":"\t\t<div data-elementor-type=\"wp-page\" data-elementor-id=\"572\" class=\"elementor elementor-572\">\n\t\t\t\t\t\t<section class=\"elementor-section elementor-top-section elementor-element elementor-element-3ca6bb62 elementor-section-boxed elementor-section-height-default elementor-section-height-default\" data-id=\"3ca6bb62\" data-element_type=\"section\" data-e-type=\"section\">\n\t\t\t\t\t\t<div class=\"elementor-container elementor-column-gap-default\">\n\t\t\t\t\t<div class=\"elementor-column elementor-col-100 elementor-top-column elementor-element elementor-element-25a10fad\" data-id=\"25a10fad\" data-element_type=\"column\" data-e-type=\"column\">\n\t\t\t<div class=\"elementor-widget-wrap elementor-element-populated\">\n\t\t\t\t\t\t<div class=\"elementor-element elementor-element-2bd52154 elementor-widget elementor-widget-text-editor\" data-id=\"2bd52154\" data-element_type=\"widget\" data-e-type=\"widget\" data-widget_type=\"text-editor.default\">\n\t\t\t\t<div class=\"elementor-widget-container\">\n\t\t\t\t\t\t\t\t\t<p><\/p>\n<h2 class=\"wp-block-heading\">Downloads Modul 1<\/h2>\n<p><\/p>\n<ul class=\"wp-block-list\">\n<li><a rel=\"noreferrer noopener\" href=\"https:\/\/www.csi-alps.unibe.ch\/wp-content\/uploads\/2022\/06\/1-Modul-Grundlagen-der-Sprache-der-Gesteine.zip\" target=\"_blank\">Download Modul 1 &#8211; Grundlagen der Sprache der Gesteine<\/a> (zip)<\/li>\n<li><a href=\"https:\/\/www.csi-alps.unibe.ch\/wp-content\/uploads\/2022\/04\/1-Erla\u0308uterungen-fu\u0308r-Lehrpersonen.pdf\" target=\"_blank\" rel=\"noopener\">Erl\u00e4uterungen f\u00fcr Lehrpersonen Modul 1 (pdf)<\/a><\/li>\n<\/ul>\n<p><\/p>\n<h3 class=\"wp-block-heading\">1.1 Einf\u00fchrung<\/h3>\n<p><\/p>\n<ul class=\"wp-block-list\">\n<li><a href=\"https:\/\/www.csi-alps.unibe.ch\/wp-content\/uploads\/2022\/04\/Modul-1-1.-Einfu\u0308hrung.pdf\" target=\"_blank\" rel=\"noopener\">Modul 1 \u2013 1.1 Einfu\u0308hrung (pdf)<\/a><\/li>\n<li><a href=\"https:\/\/www.csi-alps.unibe.ch\/wp-content\/uploads\/2022\/04\/M1-1.1-Abbildungen-Basistext-einzeln.zip\" target=\"_blank\" rel=\"noopener\">Abbildungen Modul 1.1 Einf\u00fchrung (zip)<\/a><\/li>\n<\/ul>\n<p><\/p>\n<h3 class=\"wp-block-heading\">1.2 Minerale<\/h3>\n<p><\/p>\n<ul class=\"wp-block-list\">\n<li><a href=\"https:\/\/www.csi-alps.unibe.ch\/wp-content\/uploads\/2022\/04\/Modul-1-2.-Minerale-die-Bausteine-der-Erdkruste.pdf\" target=\"_blank\" rel=\"noopener\">Modul 1 \u2013 1.2 Minerale Basistext (pdf)<\/a><\/li>\n<li><a href=\"https:\/\/www.csi-alps.unibe.ch\/wp-content\/uploads\/2022\/04\/M1-1.2-Abbildungen-Basistext-einzeln.zip\" target=\"_blank\" rel=\"noopener\">Abbildungen Modul 1.2 Minerale (zip)<\/a><\/li>\n<\/ul>\n<p><\/p>\n<h3 class=\"wp-block-heading\">1.3 Hauptgruppen der Gesteine<\/h3>\n<p><\/p>\n<ul class=\"wp-block-list\">\n<li><a href=\"https:\/\/www.csi-alps.unibe.ch\/wp-content\/uploads\/2022\/04\/Modul-1-3.-Die-drei-Hauptgruppen-der-Gesteine.pdf\" target=\"_blank\" rel=\"noopener\">Modul 1 \u2013 1.3 Hauptgruppen der Gesteine Basistext (pdf)<\/a><\/li>\n<li><a href=\"https:\/\/www.csi-alps.unibe.ch\/wp-content\/uploads\/2022\/04\/Abb.-Drei-Gesteinsgruppen.pdf\" target=\"_blank\" rel=\"noopener\">Abbildung Modul 1.3: Drei Gesteinsgruppen (pdf)<\/a><\/li>\n<li><a href=\"https:\/\/www.csi-alps.unibe.ch\/wp-content\/uploads\/2022\/04\/Erga\u0308nzung-Technische-Entwicklung.pdf\" target=\"_blank\" rel=\"noopener\">Erg\u00e4nzung Technische Entwicklung (pdf)<\/a><\/li>\n<\/ul>\n<p><\/p>\n<h3 class=\"wp-block-heading\">1.4 Magmatische Gesteine<\/h3>\n<p><\/p>\n<ul class=\"wp-block-list\">\n<li><a href=\"https:\/\/www.csi-alps.unibe.ch\/wp-content\/uploads\/2022\/04\/Modul-1-4.-Magmatische-Gesteine.pdf\" target=\"_blank\" rel=\"noopener\">Modul 1 &#8211; 1.4 Magmatische Gesteine Basistext (pdf)<\/a><\/li>\n<li><a href=\"https:\/\/www.csi-alps.unibe.ch\/wp-content\/uploads\/2022\/04\/M1-1.4-Abbildungen-Basistext-einzeln.zip\" target=\"_blank\" rel=\"noopener\">Abbildungen Modul 1.4 Magmatische Gesteine (zip)<\/a><\/li>\n<li><a href=\"https:\/\/www.csi-alps.unibe.ch\/wp-content\/uploads\/2022\/04\/M1-1.4-Erga\u0308nzungen.zip\" target=\"_blank\" rel=\"noopener\">Erga\u0308nzungen Modul 1.4 Magmatische Gesteine (zip)<\/a><\/li>\n<li><a href=\"https:\/\/www.csi-alps.unibe.ch\/wp-content\/uploads\/2022\/04\/Salol-Experiment.pdf\" target=\"_blank\" rel=\"noopener\">Salol Experiment (pdf)<\/a><\/li>\n<\/ul>\n<p><\/p>\n<h3 class=\"wp-block-heading\">1.5 Sedimentgesteine<\/h3>\n<p><\/p>\n<ul class=\"wp-block-list\">\n<li><a href=\"https:\/\/www.csi-alps.unibe.ch\/wp-content\/uploads\/2022\/04\/Modul-1-5.-Sedimentgesteine.pdf\" target=\"_blank\" rel=\"noopener\">Modul 1 &#8211; 1.5 Sedimentgesteine Basistext (pdf)<\/a><\/li>\n<li><a href=\"https:\/\/www.csi-alps.unibe.ch\/wp-content\/uploads\/2022\/04\/M1-1.5-Abbildungen-Basistext-einzeln.zip\" target=\"_blank\" rel=\"noopener\">Abbildungen Modul 1.5 Sedimente (zip)<\/a><\/li>\n<li><a href=\"https:\/\/www.csi-alps.unibe.ch\/wp-content\/uploads\/2022\/04\/M1-1.5-Erga\u0308nzungen.zip\" target=\"_blank\" rel=\"noopener\">Erg\u00e4nzungen Modul 1.5 Sedimente (zip)<\/a><\/li>\n<\/ul>\n<p><\/p>\n<h3 class=\"wp-block-heading\">1.6 Metamorphe Gesteine<\/h3>\n<p><\/p>\n<ul class=\"wp-block-list\">\n<li><a href=\"https:\/\/www.csi-alps.unibe.ch\/wp-content\/uploads\/2022\/04\/Modul-1-6.-Metamorphe-Gesteine.pdf\" target=\"_blank\" rel=\"noopener\">Modul 1 &#8211; 1.6. Metamorphe Gesteine Basistext (pdf)<\/a><\/li>\n<li><a href=\"https:\/\/www.csi-alps.unibe.ch\/wp-content\/uploads\/2022\/04\/M1-1.6-Abbildungen-Basistext-einzeln.zip\" target=\"_blank\" rel=\"noopener\">Abbildungen Modul 1.6 Metamorphe Gesteine (zip)<\/a><\/li>\n<li><a href=\"https:\/\/www.csi-alps.unibe.ch\/wp-content\/uploads\/2022\/04\/M1-1.6-Erga\u0308nzungen.zip\" target=\"_blank\" rel=\"noopener\">Erg\u00e4nzungen Modul 1.6 Metamorphe Gesteine (zip)<\/a><\/li>\n<\/ul>\n<p><\/p>\n<h3 class=\"wp-block-heading\">1.7 Deformation der Gesteine<\/h3>\n<p><\/p>\n<ul class=\"wp-block-list\">\n<li><a href=\"https:\/\/www.csi-alps.unibe.ch\/wp-content\/uploads\/2022\/04\/Modul-1-7.-Deformation-der-Gesteine.pdf\" target=\"_blank\" rel=\"noopener\">Modul 1 &#8211; 1.7 Deformation Basistext (pdf)<\/a><\/li>\n<li><a href=\"https:\/\/www.csi-alps.unibe.ch\/wp-content\/uploads\/2022\/04\/M1-1.7-Abbildungen-Basistext-einzeln.zip\" target=\"_blank\" rel=\"noopener\">Abbildungen Modul 1.7 Deformation (zip)<\/a><\/li>\n<li><a href=\"https:\/\/www.csi-alps.unibe.ch\/wp-content\/uploads\/2022\/04\/Erga\u0308nzung-versteckte-Falten.pdf\" target=\"_blank\" rel=\"noopener\">Erg\u00e4nzung versteckte Falten (pdf)<\/a><\/li>\n<\/ul>\n<p><\/p>\t\t\t\t\t\t\t\t<\/div>\n\t\t\t\t<\/div>\n\t\t\t\t\t<\/div>\n\t\t<\/div>\n\t\t\t\t\t<\/div>\n\t\t<\/section>\n\t\t\t\t<section class=\"elementor-section elementor-top-section elementor-element elementor-element-d0956d4 elementor-section-boxed elementor-section-height-default elementor-section-height-default\" data-id=\"d0956d4\" data-element_type=\"section\" data-e-type=\"section\">\n\t\t\t\t\t\t<div class=\"elementor-container elementor-column-gap-default\">\n\t\t\t\t\t<div class=\"elementor-column elementor-col-100 elementor-top-column elementor-element elementor-element-fa28c49\" data-id=\"fa28c49\" data-element_type=\"column\" data-e-type=\"column\">\n\t\t\t<div class=\"elementor-widget-wrap elementor-element-populated\">\n\t\t\t\t\t\t<div class=\"elementor-element elementor-element-8956d3d wp_cr_box elementor-widget elementor-widget-sidebar\" data-id=\"8956d3d\" data-element_type=\"widget\" data-e-type=\"widget\" data-widget_type=\"sidebar.default\">\n\t\t\t\t<div class=\"elementor-widget-container\">\n\t\t\t\t\t\t\t\t<div class=\"textwidget\"><p><strong>Copyright<\/strong>: Die Inhalte d\u00fcrfen f\u00fcr <strong>nicht kommerzielle Nutzungen frei verwendet<\/strong> werden. Lehrpersonen k\u00f6nnen die Inhalte f\u00fcr den schulischen Gebrauch ohne Quellenangaben nutzen.<\/p>\n<p>Alle anderen bitten wir um eine einfache <strong>Quellenangabe<\/strong> (<a href=\"https:\/\/www.csi-alps.unibe.ch\">www.csi-alps.unibe.ch<\/a>, Datum).<\/p>\n<\/div>\n\t\t\t\t\t\t<\/div>\n\t\t\t\t<\/div>\n\t\t\t\t\t<\/div>\n\t\t<\/div>\n\t\t\t\t\t<\/div>\n\t\t<\/section>\n\t\t\t\t<\/div>\n\t\t","protected":false},"excerpt":{"rendered":"<p>Downloads Modul 1 Download Modul 1 &#8211; Grundlagen der Sprache der Gesteine (zip) Erl\u00e4uterungen f\u00fcr Lehrpersonen Modul 1 (pdf) 1.1 Einf\u00fchrung Modul 1 \u2013 1.1 Einfu\u0308hrung (pdf) Abbildungen Modul 1.1 Einf\u00fchrung (zip) 1.2 Minerale Modul 1 \u2013 1.2 Minerale Basistext (pdf) Abbildungen Modul 1.2 Minerale (zip) 1.3 Hauptgruppen der Gesteine [&hellip;]<\/p>\n","protected":false},"author":2,"featured_media":0,"parent":65,"menu_order":1,"comment_status":"closed","ping_status":"closed","template":"","meta":{"footnotes":""},"class_list":["post-572","page","type-page","status-publish","hentry"],"_links":{"self":[{"href":"https:\/\/www.csi-alps.unibe.ch\/index.php?rest_route=\/wp\/v2\/pages\/572","targetHints":{"allow":["GET"]}}],"collection":[{"href":"https:\/\/www.csi-alps.unibe.ch\/index.php?rest_route=\/wp\/v2\/pages"}],"about":[{"href":"https:\/\/www.csi-alps.unibe.ch\/index.php?rest_route=\/wp\/v2\/types\/page"}],"author":[{"embeddable":true,"href":"https:\/\/www.csi-alps.unibe.ch\/index.php?rest_route=\/wp\/v2\/users\/2"}],"replies":[{"embeddable":true,"href":"https:\/\/www.csi-alps.unibe.ch\/index.php?rest_route=%2Fwp%2Fv2%2Fcomments&post=572"}],"version-history":[{"count":105,"href":"https:\/\/www.csi-alps.unibe.ch\/index.php?rest_route=\/wp\/v2\/pages\/572\/revisions"}],"predecessor-version":[{"id":3142,"href":"https:\/\/www.csi-alps.unibe.ch\/index.php?rest_route=\/wp\/v2\/pages\/572\/revisions\/3142"}],"up":[{"embeddable":true,"href":"https:\/\/www.csi-alps.unibe.ch\/index.php?rest_route=\/wp\/v2\/pages\/65"}],"wp:attachment":[{"href":"https:\/\/www.csi-alps.unibe.ch\/index.php?rest_route=%2Fwp%2Fv2%2Fmedia&parent=572"}],"curies":[{"name":"wp","href":"https:\/\/api.w.org\/{rel}","templated":true}]}}