{"id":3192,"date":"2025-03-10T15:36:58","date_gmt":"2025-03-10T15:36:58","guid":{"rendered":"https:\/\/www.csi-alps.unibe.ch\/?page_id=3192"},"modified":"2025-03-10T15:38:13","modified_gmt":"2025-03-10T15:38:13","slug":"urban-geotrail-bern","status":"publish","type":"page","link":"https:\/\/www.csi-alps.unibe.ch\/?page_id=3192","title":{"rendered":"Urban Geotrail Bern"},"content":{"rendered":"\t\t<div data-elementor-type=\"wp-page\" data-elementor-id=\"3192\" class=\"elementor elementor-3192\">\n\t\t\t\t\t\t<section class=\"elementor-section elementor-top-section elementor-element elementor-element-734df16d elementor-section-boxed elementor-section-height-default elementor-section-height-default\" data-id=\"734df16d\" data-element_type=\"section\" data-e-type=\"section\">\n\t\t\t\t\t\t<div class=\"elementor-container elementor-column-gap-default\">\n\t\t\t\t\t<div class=\"elementor-column elementor-col-100 elementor-top-column elementor-element elementor-element-179da2d9\" data-id=\"179da2d9\" data-element_type=\"column\" data-e-type=\"column\">\n\t\t\t<div class=\"elementor-widget-wrap elementor-element-populated\">\n\t\t\t\t\t\t<div class=\"elementor-element elementor-element-35a1dcf9 elementor-widget elementor-widget-text-editor\" data-id=\"35a1dcf9\" data-element_type=\"widget\" data-e-type=\"widget\" data-widget_type=\"text-editor.default\">\n\t\t\t\t<div class=\"elementor-widget-container\">\n\t\t\t\t\t\t\t\t\t\n<p>Entdecken Sie mit dem &#8220;<a href=\"https:\/\/erlebnis-geologie.ch\/geoweg\/urban-geotrail-bern\/\" target=\"_blank\" rel=\"noreferrer noopener\">Urban Geotrail Bern<\/a>&#8221; einen innovativen Ansatz, um Sch\u00fclerinnen und Sch\u00fclern geologische Themen n\u00e4herzubringen. Dieser Freiluft-Werkstattunterricht nutzt die im st\u00e4dtischen Raum vorhandenen Gesteine und verbindet wissenschaftliches Denken mit der allt\u00e4glichen Erlebniswelt. An 15 ausgew\u00e4hlten Stationen lernen die Jugendlichen die geologische Entstehung von Gesteinen kennen und kn\u00fcpfen Verbindungen zu aktuellen Themen wie Klimawandel und Architektur. Der Geotrail l\u00e4sst sich in den Lehrplan 21 integrieren und f\u00f6rdert das Verst\u00e4ndnis f\u00fcr die Bedeutung von Gesteinen in unserer Umwelt.<\/p>\n\n<p>Ab Juni 2025 finden Sie hier Links zu weiteren urbanen Geotrails.<\/p>\n\n<p><\/p>\n\t\t\t\t\t\t\t\t<\/div>\n\t\t\t\t<\/div>\n\t\t\t\t\t<\/div>\n\t\t<\/div>\n\t\t\t\t\t<\/div>\n\t\t<\/section>\n\t\t\t\t<section class=\"elementor-section elementor-top-section elementor-element elementor-element-db1b66d elementor-section-boxed elementor-section-height-default elementor-section-height-default\" data-id=\"db1b66d\" data-element_type=\"section\" data-e-type=\"section\">\n\t\t\t\t\t\t<div class=\"elementor-container elementor-column-gap-default\">\n\t\t\t\t\t<div class=\"elementor-column elementor-col-100 elementor-top-column elementor-element elementor-element-53c77dc\" data-id=\"53c77dc\" data-element_type=\"column\" data-e-type=\"column\">\n\t\t\t<div class=\"elementor-widget-wrap elementor-element-populated\">\n\t\t\t\t\t\t<div class=\"elementor-element elementor-element-d33f5df elementor-widget elementor-widget-image\" data-id=\"d33f5df\" data-element_type=\"widget\" data-e-type=\"widget\" data-widget_type=\"image.default\">\n\t\t\t\t<div class=\"elementor-widget-container\">\n\t\t\t\t\t\t\t\t\t\t\t\t\t\t\t\t<a href=\"https:\/\/erlebnis-geologie.ch\/geoweg\/urban-geotrail-bern\/\" target=\"_blank\">\n\t\t\t\t\t\t\t<img fetchpriority=\"high\" decoding=\"async\" width=\"750\" height=\"482\" src=\"https:\/\/www.csi-alps.unibe.ch\/wp-content\/uploads\/2025\/03\/Plan_UrbanGeotrail_Bern-1024x658.jpg\" class=\"attachment-large size-large wp-image-3194\" alt=\"\" srcset=\"https:\/\/www.csi-alps.unibe.ch\/wp-content\/uploads\/2025\/03\/Plan_UrbanGeotrail_Bern-1024x658.jpg 1024w, https:\/\/www.csi-alps.unibe.ch\/wp-content\/uploads\/2025\/03\/Plan_UrbanGeotrail_Bern-300x193.jpg 300w, https:\/\/www.csi-alps.unibe.ch\/wp-content\/uploads\/2025\/03\/Plan_UrbanGeotrail_Bern-768x494.jpg 768w, https:\/\/www.csi-alps.unibe.ch\/wp-content\/uploads\/2025\/03\/Plan_UrbanGeotrail_Bern-24x15.jpg 24w, https:\/\/www.csi-alps.unibe.ch\/wp-content\/uploads\/2025\/03\/Plan_UrbanGeotrail_Bern-36x23.jpg 36w, https:\/\/www.csi-alps.unibe.ch\/wp-content\/uploads\/2025\/03\/Plan_UrbanGeotrail_Bern-48x31.jpg 48w, https:\/\/www.csi-alps.unibe.ch\/wp-content\/uploads\/2025\/03\/Plan_UrbanGeotrail_Bern.jpg 1164w\" sizes=\"(max-width: 750px) 100vw, 750px\" \/>\t\t\t\t\t\t\t\t<\/a>\n\t\t\t\t\t\t\t\t\t\t\t\t\t\t\t<\/div>\n\t\t\t\t<\/div>\n\t\t\t\t\t<\/div>\n\t\t<\/div>\n\t\t\t\t\t<\/div>\n\t\t<\/section>\n\t\t\t\t<\/div>\n\t\t","protected":false},"excerpt":{"rendered":"<p>Entdecken Sie mit dem &#8220;Urban Geotrail Bern&#8221; einen innovativen Ansatz, um Sch\u00fclerinnen und Sch\u00fclern geologische Themen n\u00e4herzubringen. Dieser Freiluft-Werkstattunterricht nutzt die im st\u00e4dtischen Raum vorhandenen Gesteine und verbindet wissenschaftliches Denken mit der allt\u00e4glichen Erlebniswelt. An 15 ausgew\u00e4hlten Stationen lernen die Jugendlichen die geologische Entstehung von Gesteinen kennen und kn\u00fcpfen Verbindungen [&hellip;]<\/p>\n","protected":false},"author":2,"featured_media":0,"parent":293,"menu_order":13,"comment_status":"closed","ping_status":"closed","template":"","meta":{"footnotes":""},"class_list":["post-3192","page","type-page","status-publish","hentry"],"_links":{"self":[{"href":"https:\/\/www.csi-alps.unibe.ch\/index.php?rest_route=\/wp\/v2\/pages\/3192","targetHints":{"allow":["GET"]}}],"collection":[{"href":"https:\/\/www.csi-alps.unibe.ch\/index.php?rest_route=\/wp\/v2\/pages"}],"about":[{"href":"https:\/\/www.csi-alps.unibe.ch\/index.php?rest_route=\/wp\/v2\/types\/page"}],"author":[{"embeddable":true,"href":"https:\/\/www.csi-alps.unibe.ch\/index.php?rest_route=\/wp\/v2\/users\/2"}],"replies":[{"embeddable":true,"href":"https:\/\/www.csi-alps.unibe.ch\/index.php?rest_route=%2Fwp%2Fv2%2Fcomments&post=3192"}],"version-history":[{"count":7,"href":"https:\/\/www.csi-alps.unibe.ch\/index.php?rest_route=\/wp\/v2\/pages\/3192\/revisions"}],"predecessor-version":[{"id":3200,"href":"https:\/\/www.csi-alps.unibe.ch\/index.php?rest_route=\/wp\/v2\/pages\/3192\/revisions\/3200"}],"up":[{"embeddable":true,"href":"https:\/\/www.csi-alps.unibe.ch\/index.php?rest_route=\/wp\/v2\/pages\/293"}],"wp:attachment":[{"href":"https:\/\/www.csi-alps.unibe.ch\/index.php?rest_route=%2Fwp%2Fv2%2Fmedia&parent=3192"}],"curies":[{"name":"wp","href":"https:\/\/api.w.org\/{rel}","templated":true}]}}