{"id":3002,"date":"2024-02-09T14:46:22","date_gmt":"2024-02-09T14:46:22","guid":{"rendered":"https:\/\/www.csi-alps.unibe.ch\/?page_id=3002"},"modified":"2024-02-09T14:50:55","modified_gmt":"2024-02-09T14:50:55","slug":"csi-alps-als-kurzfassung","status":"publish","type":"page","link":"https:\/\/www.csi-alps.unibe.ch\/?page_id=3002","title":{"rendered":"CSI Alps als Kurzfassung"},"content":{"rendered":"\n<h2 class=\"wp-block-heading\">Schulbuch: CSI Alps als Kurzfassung<\/h2>\n\n\n\n<div class=\"wp-block-columns is-layout-flex wp-container-core-columns-is-layout-9d6595d7 wp-block-columns-is-layout-flex\">\n<div class=\"wp-block-column is-layout-flow wp-block-column-is-layout-flow\" style=\"flex-basis:100%\">\n<p>Im Neuen Schulbuch des Westermann-Verlags werden die zentralen Inhalte von CSI Alps in einer Kurzfassung auf etwas \u00fcber 50 Seiten pr\u00e4sentiert. Ein zus\u00e4tzliches Kapitel behandelt die mineralischen Rohstoffe. Die physische Geografie wird abgerundet durch ausf\u00fchrliche Kapitel \u00fcber Hydrologie und Glaziologie, Bodenkunde, Geomorphologie, Wetter und Klima sowie Naturgefahren. Die zweite H\u00e4lfte des Buches ist humangeografischen Themen gewidmet.<br><a href=\"https:\/\/www.westermann-schweiz.ch\/artikel\/978-3-14-113220-5\/Diercke-Geografie-SII-Ausgabe-2023-fuer-die-Schweiz-Schuelerband\" target=\"_blank\" rel=\"noreferrer noopener\">ISBN 978-3-14-113220-5<\/a><\/p>\n<\/div>\n<\/div>\n\n\n\n<div data-wp-interactive=\"core\/file\" class=\"wp-block-file\"><object data-wp-bind--hidden=\"!state.hasPdfPreview\" hidden class=\"wp-block-file__embed\" data=\"https:\/\/www.csi-alps.unibe.ch\/wp-content\/uploads\/2024\/02\/WE23542_PRO_9600360_Diercke_Schweiz_web.pdf\" type=\"application\/pdf\" style=\"width:100%;height:800px\" aria-label=\"Embed of Flyer Geografiebuch Westermann.\"><\/object><a id=\"wp-block-file--media-db18a9d4-f263-45f9-946b-8ef2e83884a2\" href=\"https:\/\/www.csi-alps.unibe.ch\/wp-content\/uploads\/2024\/02\/WE23542_PRO_9600360_Diercke_Schweiz_web.pdf\">Flyer Geografiebuch Westermann<\/a><a href=\"https:\/\/www.csi-alps.unibe.ch\/wp-content\/uploads\/2024\/02\/WE23542_PRO_9600360_Diercke_Schweiz_web.pdf\" class=\"wp-block-file__button wp-element-button\" download aria-describedby=\"wp-block-file--media-db18a9d4-f263-45f9-946b-8ef2e83884a2\">Download<\/a><\/div>\n","protected":false},"excerpt":{"rendered":"<p>Schulbuch: CSI Alps als Kurzfassung Im Neuen Schulbuch des Westermann-Verlags werden die zentralen Inhalte von CSI Alps in einer Kurzfassung auf etwas \u00fcber 50 Seiten pr\u00e4sentiert. Ein zus\u00e4tzliches Kapitel behandelt die mineralischen Rohstoffe. Die physische Geografie wird abgerundet durch ausf\u00fchrliche Kapitel \u00fcber Hydrologie und Glaziologie, Bodenkunde, Geomorphologie, Wetter und Klima [&hellip;]<\/p>\n","protected":false},"author":2,"featured_media":1395,"parent":502,"menu_order":0,"comment_status":"closed","ping_status":"closed","template":"","meta":{"footnotes":""},"class_list":["post-3002","page","type-page","status-publish","has-post-thumbnail","hentry"],"_links":{"self":[{"href":"https:\/\/www.csi-alps.unibe.ch\/index.php?rest_route=\/wp\/v2\/pages\/3002","targetHints":{"allow":["GET"]}}],"collection":[{"href":"https:\/\/www.csi-alps.unibe.ch\/index.php?rest_route=\/wp\/v2\/pages"}],"about":[{"href":"https:\/\/www.csi-alps.unibe.ch\/index.php?rest_route=\/wp\/v2\/types\/page"}],"author":[{"embeddable":true,"href":"https:\/\/www.csi-alps.unibe.ch\/index.php?rest_route=\/wp\/v2\/users\/2"}],"replies":[{"embeddable":true,"href":"https:\/\/www.csi-alps.unibe.ch\/index.php?rest_route=%2Fwp%2Fv2%2Fcomments&post=3002"}],"version-history":[{"count":4,"href":"https:\/\/www.csi-alps.unibe.ch\/index.php?rest_route=\/wp\/v2\/pages\/3002\/revisions"}],"predecessor-version":[{"id":3009,"href":"https:\/\/www.csi-alps.unibe.ch\/index.php?rest_route=\/wp\/v2\/pages\/3002\/revisions\/3009"}],"up":[{"embeddable":true,"href":"https:\/\/www.csi-alps.unibe.ch\/index.php?rest_route=\/wp\/v2\/pages\/502"}],"wp:featuredmedia":[{"embeddable":true,"href":"https:\/\/www.csi-alps.unibe.ch\/index.php?rest_route=\/wp\/v2\/media\/1395"}],"wp:attachment":[{"href":"https:\/\/www.csi-alps.unibe.ch\/index.php?rest_route=%2Fwp%2Fv2%2Fmedia&parent=3002"}],"curies":[{"name":"wp","href":"https:\/\/api.w.org\/{rel}","templated":true}]}}