{"id":285,"date":"2021-07-08T15:43:43","date_gmt":"2021-07-08T15:43:43","guid":{"rendered":"https:\/\/www.csi-alps.unibe.ch\/?page_id=285"},"modified":"2024-04-10T13:28:44","modified_gmt":"2024-04-10T13:28:44","slug":"plattentektonik","status":"publish","type":"page","link":"https:\/\/www.csi-alps.unibe.ch\/?page_id=285","title":{"rendered":"Modul 4: Plattentektonik"},"content":{"rendered":"\t\t<div data-elementor-type=\"wp-page\" data-elementor-id=\"285\" class=\"elementor elementor-285\">\n\t\t\t\t\t\t<section class=\"elementor-section elementor-top-section elementor-element elementor-element-50c87794 elementor-section-boxed elementor-section-height-default elementor-section-height-default\" data-id=\"50c87794\" data-element_type=\"section\" data-e-type=\"section\">\n\t\t\t\t\t\t<div class=\"elementor-container elementor-column-gap-default\">\n\t\t\t\t\t<div class=\"elementor-column elementor-col-100 elementor-top-column elementor-element elementor-element-18554095\" data-id=\"18554095\" data-element_type=\"column\" data-e-type=\"column\">\n\t\t\t<div class=\"elementor-widget-wrap elementor-element-populated\">\n\t\t\t\t\t\t<div class=\"elementor-element elementor-element-3083280b elementor-widget elementor-widget-text-editor\" data-id=\"3083280b\" data-element_type=\"widget\" data-e-type=\"widget\" data-widget_type=\"text-editor.default\">\n\t\t\t\t<div class=\"elementor-widget-container\">\n\t\t\t\t\t\t\t\t\t\n<h2 class=\"wp-block-heading\">Plattentektonik, die alles verbindende Theorie<\/h2>\n\n\n\n<p>Ungel\u00f6ste Kriminalf\u00e4lle schlummern oft jahrelang in Archiven und warten dort auf die Wiederentdeckung durch hoch motivierte Kommissarinnen und Kommissare mit neuen Methoden und L\u00f6sungsans\u00e4tzen. Manchmal sind es aber auch vermeintlich gel\u00f6ste F\u00e4lle, die l\u00e4ngst archiviert waren und die sp\u00e4ter wieder aufgerollt werden, weil neue Erkenntnisse vorliegen. Nicht selten spielt dabei \u201eKommissar Zufall\u201c eine Rolle.<\/p>\n\n\n\n<p>Auch in der Geologie gibt es einen Fall, dessen L\u00f6sung mehrere Anl\u00e4ufe ben\u00f6tigte, der zun\u00e4chst auf Abwege geriet und schliesslich dank moderner Technik, die eigentlich fu\u0308r andere Zwecke entwickelt wurde, doch noch gel\u00f6st werden konnte.<\/p>\n\n\n\n<figure class=\"wp-block-image size-large\"><img fetchpriority=\"high\" decoding=\"async\" width=\"868\" height=\"770\" src=\"https:\/\/www.csi-alps.unibe.ch\/wp-content\/uploads\/2021\/07\/Subduktionszone.jpg\" alt=\"\" class=\"wp-image-345\" srcset=\"https:\/\/www.csi-alps.unibe.ch\/wp-content\/uploads\/2021\/07\/Subduktionszone.jpg 868w, https:\/\/www.csi-alps.unibe.ch\/wp-content\/uploads\/2021\/07\/Subduktionszone-300x266.jpg 300w, https:\/\/www.csi-alps.unibe.ch\/wp-content\/uploads\/2021\/07\/Subduktionszone-768x681.jpg 768w, https:\/\/www.csi-alps.unibe.ch\/wp-content\/uploads\/2021\/07\/Subduktionszone-24x21.jpg 24w, https:\/\/www.csi-alps.unibe.ch\/wp-content\/uploads\/2021\/07\/Subduktionszone-36x32.jpg 36w, https:\/\/www.csi-alps.unibe.ch\/wp-content\/uploads\/2021\/07\/Subduktionszone-48x43.jpg 48w\" sizes=\"(max-width: 868px) 100vw, 868px\" \/><figcaption class=\"wp-element-caption\">Abb. 15: Modelle der drei Typen von konvergierenden Plattenr\u00e4ndern. A ist \u00e4hnlich den Marianen, B den Anden, C gleicht dem Himalaya<\/figcaption><\/figure>\n\n\n\n<h3 class=\"wp-block-heading\">Downloads Modul 4:<\/h3>\n\n\n\n<ul class=\"wp-block-list\">\n<li><a href=\"https:\/\/www.csi-alps.unibe.ch\/wp-content\/uploads\/2022\/06\/4-Modul-Plattentektonik.zip\">Download Modul 4 &#8211; Plattentektonik (zip)<\/a><\/li>\n\n\n\n<li><a rel=\"noreferrer noopener\" href=\"https:\/\/www.csi-alps.unibe.ch\/wp-content\/uploads\/2022\/04\/Erla\u0308uterungen-fu\u0308r-Lehrpersonen-1.pdf\" target=\"_blank\">Erla\u0308uterungen fu\u0308r Lehrpersonen Modul 4 (pdf)<\/a><\/li>\n\n\n\n<li><a rel=\"noreferrer noopener\" href=\"https:\/\/www.csi-alps.unibe.ch\/wp-content\/uploads\/2022\/04\/Modul-4-Plattentektonik-die-alles-verbindende-Thoerie.pdf\" target=\"_blank\">Basistext Modul 4 &#8211; Plattentektonik (pdf)<\/a> -&gt; Vorschau siehe unten<\/li>\n\n\n\n<li><a rel=\"noreferrer noopener\" href=\"https:\/\/www.csi-alps.unibe.ch\/wp-content\/uploads\/2022\/04\/M4-Abbildungen-Basistext-einzeln.zip\" target=\"_blank\">Abbildungen Modul 4 Plattentektonik (zip)<\/a><\/li>\n\n\n\n<li><a rel=\"noreferrer noopener\" href=\"https:\/\/www.csi-alps.unibe.ch\/wp-content\/uploads\/2022\/04\/M4-Erga\u0308nzungen.zip\" target=\"_blank\">Erga\u0308nzungen Modul 4 Plattentektonik (zip)<\/a><\/li>\n\n\n\n<li><a rel=\"noreferrer noopener\" href=\"https:\/\/www.csi-alps.unibe.ch\/wp-content\/uploads\/2022\/04\/Experiment-Kristallisationswa\u0308rme.pdf\" target=\"_blank\">Experiment Kristallisationswa\u0308rme (pdf)<\/a><\/li>\n\n\n\n<li><a rel=\"noreferrer noopener\" href=\"https:\/\/www.csi-alps.unibe.ch\/wp-content\/uploads\/2022\/04\/U\u0308bungen-Tektonik.zip\" target=\"_blank\">\u00dcbungen Tektonik (zip)<\/a><\/li>\n<\/ul>\n\n\n\n<hr class=\"wp-block-separator has-css-opacity\"\/>\n\n\n\n<h3 class=\"wp-block-heading\">Vorschau Basistext Modul 4: Plattentektonik<\/h3>\n\n\n\n<div data-wp-interactive=\"core\/file\" class=\"wp-block-file\"><object data-wp-bind--hidden=\"!state.hasPdfPreview\" hidden class=\"wp-block-file__embed\" data=\"https:\/\/www.csi-alps.unibe.ch\/wp-content\/uploads\/2022\/04\/Modul-4-Plattentektonik-die-alles-verbindende-Thoerie.pdf\" type=\"application\/pdf\" style=\"width:100%;height:850px\" aria-label=\"Embed of Modul 4 - Plattentektonik, die alles verbindende Thoerie (pdf).\"><\/object><a id=\"wp-block-file--media-41acb92f-30d5-45df-8d90-7532529569b0\" href=\"https:\/\/www.csi-alps.unibe.ch\/wp-content\/uploads\/2022\/04\/Modul-4-Plattentektonik-die-alles-verbindende-Thoerie.pdf\" target=\"_blank\" rel=\"noreferrer noopener\">Modul 4 &#8211; Plattentektonik, die alles verbindende Thoerie (pdf)<\/a><a href=\"https:\/\/www.csi-alps.unibe.ch\/wp-content\/uploads\/2022\/04\/Modul-4-Plattentektonik-die-alles-verbindende-Thoerie.pdf\" class=\"wp-block-file__button wp-element-button\" download aria-describedby=\"wp-block-file--media-41acb92f-30d5-45df-8d90-7532529569b0\">Download<\/a><\/div>\n\t\t\t\t\t\t\t\t<\/div>\n\t\t\t\t<\/div>\n\t\t\t\t\t<\/div>\n\t\t<\/div>\n\t\t\t\t\t<\/div>\n\t\t<\/section>\n\t\t\t\t<section class=\"elementor-section elementor-top-section elementor-element elementor-element-1001c76 elementor-section-boxed elementor-section-height-default elementor-section-height-default\" data-id=\"1001c76\" data-element_type=\"section\" data-e-type=\"section\">\n\t\t\t\t\t\t<div class=\"elementor-container elementor-column-gap-default\">\n\t\t\t\t\t<div class=\"elementor-column elementor-col-100 elementor-top-column elementor-element elementor-element-f0cfb16\" data-id=\"f0cfb16\" data-element_type=\"column\" data-e-type=\"column\">\n\t\t\t<div class=\"elementor-widget-wrap elementor-element-populated\">\n\t\t\t\t\t\t<div class=\"elementor-element elementor-element-35f6b08 wp_cr_box elementor-widget elementor-widget-sidebar\" data-id=\"35f6b08\" data-element_type=\"widget\" data-e-type=\"widget\" data-widget_type=\"sidebar.default\">\n\t\t\t\t<div class=\"elementor-widget-container\">\n\t\t\t\t\t\t\t\t<div class=\"textwidget\"><p align=\"center\">\n<p align=\"center\"><strong>Copyright<\/strong>: F\u00fcr den schulischen Gebrauch ohne Quellenangaben nutzbar.<\/p>\n<\/div>\n\t\t\t\t\t\t<\/div>\n\t\t\t\t<\/div>\n\t\t\t\t\t<\/div>\n\t\t<\/div>\n\t\t\t\t\t<\/div>\n\t\t<\/section>\n\t\t\t\t<\/div>\n\t\t","protected":false},"excerpt":{"rendered":"<p>Plattentektonik, die alles verbindende Theorie Ungel\u00f6ste Kriminalf\u00e4lle schlummern oft jahrelang in Archiven und warten dort auf die Wiederentdeckung durch hoch motivierte Kommissarinnen und Kommissare mit neuen Methoden und L\u00f6sungsans\u00e4tzen. Manchmal sind es aber auch vermeintlich gel\u00f6ste F\u00e4lle, die l\u00e4ngst archiviert waren und die sp\u00e4ter wieder aufgerollt werden, weil neue Erkenntnisse [&hellip;]<\/p>\n","protected":false},"author":2,"featured_media":0,"parent":57,"menu_order":2,"comment_status":"closed","ping_status":"closed","template":"","meta":{"footnotes":""},"class_list":["post-285","page","type-page","status-publish","hentry"],"_links":{"self":[{"href":"https:\/\/www.csi-alps.unibe.ch\/index.php?rest_route=\/wp\/v2\/pages\/285","targetHints":{"allow":["GET"]}}],"collection":[{"href":"https:\/\/www.csi-alps.unibe.ch\/index.php?rest_route=\/wp\/v2\/pages"}],"about":[{"href":"https:\/\/www.csi-alps.unibe.ch\/index.php?rest_route=\/wp\/v2\/types\/page"}],"author":[{"embeddable":true,"href":"https:\/\/www.csi-alps.unibe.ch\/index.php?rest_route=\/wp\/v2\/users\/2"}],"replies":[{"embeddable":true,"href":"https:\/\/www.csi-alps.unibe.ch\/index.php?rest_route=%2Fwp%2Fv2%2Fcomments&post=285"}],"version-history":[{"count":31,"href":"https:\/\/www.csi-alps.unibe.ch\/index.php?rest_route=\/wp\/v2\/pages\/285\/revisions"}],"predecessor-version":[{"id":3181,"href":"https:\/\/www.csi-alps.unibe.ch\/index.php?rest_route=\/wp\/v2\/pages\/285\/revisions\/3181"}],"up":[{"embeddable":true,"href":"https:\/\/www.csi-alps.unibe.ch\/index.php?rest_route=\/wp\/v2\/pages\/57"}],"wp:attachment":[{"href":"https:\/\/www.csi-alps.unibe.ch\/index.php?rest_route=%2Fwp%2Fv2%2Fmedia&parent=285"}],"curies":[{"name":"wp","href":"https:\/\/api.w.org\/{rel}","templated":true}]}}