{"id":2694,"date":"2022-06-13T16:01:46","date_gmt":"2022-06-13T16:01:46","guid":{"rendered":"https:\/\/www.csi-alps.unibe.ch\/?page_id=2694"},"modified":"2024-01-22T12:55:26","modified_gmt":"2024-01-22T12:55:26","slug":"geo-highlights-gallerien","status":"publish","type":"page","link":"https:\/\/www.csi-alps.unibe.ch\/?page_id=2694","title":{"rendered":"Geo-Highlights der Alpen aus der Luft"},"content":{"rendered":"\t\t<div data-elementor-type=\"wp-page\" data-elementor-id=\"2694\" class=\"elementor elementor-2694\">\n\t\t\t\t\t\t<section class=\"elementor-section elementor-top-section elementor-element elementor-element-6fd48225 elementor-section-boxed elementor-section-height-default elementor-section-height-default\" data-id=\"6fd48225\" data-element_type=\"section\" data-e-type=\"section\">\n\t\t\t\t\t\t<div class=\"elementor-container elementor-column-gap-default\">\n\t\t\t\t\t<div class=\"elementor-column elementor-col-100 elementor-top-column elementor-element elementor-element-59f09298\" data-id=\"59f09298\" data-element_type=\"column\" data-e-type=\"column\">\n\t\t\t<div class=\"elementor-widget-wrap elementor-element-populated\">\n\t\t\t\t\t\t<div class=\"elementor-element elementor-element-480b917 elementor-widget elementor-widget-text-editor\" data-id=\"480b917\" data-element_type=\"widget\" data-e-type=\"widget\" data-widget_type=\"text-editor.default\">\n\t\t\t\t<div class=\"elementor-widget-container\">\n\t\t\t\t\t\t\t\t\t<h2>Gallerien<\/h2>\t\t\t\t\t\t\t\t<\/div>\n\t\t\t\t<\/div>\n\t\t\t\t\t<\/div>\n\t\t<\/div>\n\t\t\t\t\t<\/div>\n\t\t<\/section>\n\t\t\t\t<section class=\"elementor-section elementor-top-section elementor-element elementor-element-5190383 elementor-section-boxed elementor-section-height-default elementor-section-height-default\" data-id=\"5190383\" data-element_type=\"section\" data-e-type=\"section\">\n\t\t\t\t\t\t<div class=\"elementor-container elementor-column-gap-default\">\n\t\t\t\t\t<div class=\"elementor-column elementor-col-33 elementor-top-column elementor-element elementor-element-c6f851e\" data-id=\"c6f851e\" data-element_type=\"column\" data-e-type=\"column\">\n\t\t\t<div class=\"elementor-widget-wrap elementor-element-populated\">\n\t\t\t\t\t\t<div class=\"elementor-element elementor-element-7cd0bab elementor-widget elementor-widget-image\" data-id=\"7cd0bab\" data-element_type=\"widget\" data-e-type=\"widget\" data-widget_type=\"image.default\">\n\t\t\t\t<div class=\"elementor-widget-container\">\n\t\t\t\t\t\t\t\t\t\t\t\t\t\t\t\t<a href=\"https:\/\/www.csi-alps.unibe.ch\/?page_id=2653\">\n\t\t\t\t\t\t\t<img fetchpriority=\"high\" decoding=\"async\" width=\"360\" height=\"240\" src=\"https:\/\/www.csi-alps.unibe.ch\/wp-content\/uploads\/2022\/06\/27905-231-Panorama-Aletschgletscher-360x240.jpg\" class=\"attachment-hestia-blog size-hestia-blog wp-image-2702\" alt=\"\" \/>\t\t\t\t\t\t\t\t<\/a>\n\t\t\t\t\t\t\t\t\t\t\t\t\t\t\t<\/div>\n\t\t\t\t<\/div>\n\t\t\t\t<div class=\"elementor-element elementor-element-25524e0 elementor-widget elementor-widget-text-editor\" data-id=\"25524e0\" data-element_type=\"widget\" data-e-type=\"widget\" data-widget_type=\"text-editor.default\">\n\t\t\t\t<div class=\"elementor-widget-container\">\n\t\t\t\t\t\t\t\t\t<p style=\"text-align: center;\">Panoramen<\/p>\t\t\t\t\t\t\t\t<\/div>\n\t\t\t\t<\/div>\n\t\t\t\t\t<\/div>\n\t\t<\/div>\n\t\t\t\t<div class=\"elementor-column elementor-col-33 elementor-top-column elementor-element elementor-element-5ab7528\" data-id=\"5ab7528\" data-element_type=\"column\" data-e-type=\"column\">\n\t\t\t<div class=\"elementor-widget-wrap elementor-element-populated\">\n\t\t\t\t\t\t<div class=\"elementor-element elementor-element-73d4a98 elementor-widget elementor-widget-image\" data-id=\"73d4a98\" data-element_type=\"widget\" data-e-type=\"widget\" data-widget_type=\"image.default\">\n\t\t\t\t<div class=\"elementor-widget-container\">\n\t\t\t\t\t\t\t\t\t\t\t\t\t\t\t\t<a href=\"https:\/\/www.csi-alps.unibe.ch\/?page_id=2689\">\n\t\t\t\t\t\t\t<img decoding=\"async\" width=\"360\" height=\"240\" src=\"https:\/\/www.csi-alps.unibe.ch\/wp-content\/uploads\/2022\/06\/27905-534-Dent-de-Morcles-360x240.jpg\" class=\"attachment-hestia-blog size-hestia-blog wp-image-2670\" alt=\"\" srcset=\"https:\/\/www.csi-alps.unibe.ch\/wp-content\/uploads\/2022\/06\/27905-534-Dent-de-Morcles-360x240.jpg 360w, https:\/\/www.csi-alps.unibe.ch\/wp-content\/uploads\/2022\/06\/27905-534-Dent-de-Morcles-300x200.jpg 300w, https:\/\/www.csi-alps.unibe.ch\/wp-content\/uploads\/2022\/06\/27905-534-Dent-de-Morcles-1024x683.jpg 1024w, https:\/\/www.csi-alps.unibe.ch\/wp-content\/uploads\/2022\/06\/27905-534-Dent-de-Morcles-768x512.jpg 768w, https:\/\/www.csi-alps.unibe.ch\/wp-content\/uploads\/2022\/06\/27905-534-Dent-de-Morcles-1536x1024.jpg 1536w, https:\/\/www.csi-alps.unibe.ch\/wp-content\/uploads\/2022\/06\/27905-534-Dent-de-Morcles-2048x1365.jpg 2048w, https:\/\/www.csi-alps.unibe.ch\/wp-content\/uploads\/2022\/06\/27905-534-Dent-de-Morcles-24x16.jpg 24w, https:\/\/www.csi-alps.unibe.ch\/wp-content\/uploads\/2022\/06\/27905-534-Dent-de-Morcles-36x24.jpg 36w, https:\/\/www.csi-alps.unibe.ch\/wp-content\/uploads\/2022\/06\/27905-534-Dent-de-Morcles-48x32.jpg 48w\" sizes=\"(max-width: 360px) 100vw, 360px\" \/>\t\t\t\t\t\t\t\t<\/a>\n\t\t\t\t\t\t\t\t\t\t\t\t\t\t\t<\/div>\n\t\t\t\t<\/div>\n\t\t\t\t<div class=\"elementor-element elementor-element-c22878d elementor-widget elementor-widget-text-editor\" data-id=\"c22878d\" data-element_type=\"widget\" data-e-type=\"widget\" data-widget_type=\"text-editor.default\">\n\t\t\t\t<div class=\"elementor-widget-container\">\n\t\t\t\t\t\t\t\t\t<p style=\"text-align: center;\">Falten<\/p>\t\t\t\t\t\t\t\t<\/div>\n\t\t\t\t<\/div>\n\t\t\t\t\t<\/div>\n\t\t<\/div>\n\t\t\t\t<div class=\"elementor-column elementor-col-33 elementor-top-column elementor-element elementor-element-896a302\" data-id=\"896a302\" data-element_type=\"column\" data-e-type=\"column\">\n\t\t\t<div class=\"elementor-widget-wrap elementor-element-populated\">\n\t\t\t\t\t\t<div class=\"elementor-element elementor-element-144230b elementor-widget elementor-widget-image\" data-id=\"144230b\" data-element_type=\"widget\" data-e-type=\"widget\" data-widget_type=\"image.default\">\n\t\t\t\t<div class=\"elementor-widget-container\">\n\t\t\t\t\t\t\t\t\t\t\t\t\t\t\t\t<a href=\"https:\/\/www.csi-alps.unibe.ch\/?page_id=2739\">\n\t\t\t\t\t\t\t<img decoding=\"async\" width=\"360\" height=\"240\" src=\"https:\/\/www.csi-alps.unibe.ch\/wp-content\/uploads\/2022\/06\/27920-100-Tschingelho\u0308rner-360x240.jpg\" class=\"attachment-hestia-blog size-hestia-blog wp-image-2741\" alt=\"\" srcset=\"https:\/\/www.csi-alps.unibe.ch\/wp-content\/uploads\/2022\/06\/27920-100-Tschingelho\u0308rner-360x240.jpg 360w, https:\/\/www.csi-alps.unibe.ch\/wp-content\/uploads\/2022\/06\/27920-100-Tschingelho\u0308rner-300x200.jpg 300w, https:\/\/www.csi-alps.unibe.ch\/wp-content\/uploads\/2022\/06\/27920-100-Tschingelho\u0308rner-1024x683.jpg 1024w, https:\/\/www.csi-alps.unibe.ch\/wp-content\/uploads\/2022\/06\/27920-100-Tschingelho\u0308rner-768x512.jpg 768w, https:\/\/www.csi-alps.unibe.ch\/wp-content\/uploads\/2022\/06\/27920-100-Tschingelho\u0308rner-1536x1024.jpg 1536w, https:\/\/www.csi-alps.unibe.ch\/wp-content\/uploads\/2022\/06\/27920-100-Tschingelho\u0308rner-2048x1365.jpg 2048w, https:\/\/www.csi-alps.unibe.ch\/wp-content\/uploads\/2022\/06\/27920-100-Tschingelho\u0308rner-24x16.jpg 24w, https:\/\/www.csi-alps.unibe.ch\/wp-content\/uploads\/2022\/06\/27920-100-Tschingelho\u0308rner-36x24.jpg 36w, https:\/\/www.csi-alps.unibe.ch\/wp-content\/uploads\/2022\/06\/27920-100-Tschingelho\u0308rner-48x32.jpg 48w\" sizes=\"(max-width: 360px) 100vw, 360px\" \/>\t\t\t\t\t\t\t\t<\/a>\n\t\t\t\t\t\t\t\t\t\t\t\t\t\t\t<\/div>\n\t\t\t\t<\/div>\n\t\t\t\t<div class=\"elementor-element elementor-element-32806ef elementor-widget elementor-widget-text-editor\" data-id=\"32806ef\" data-element_type=\"widget\" data-e-type=\"widget\" data-widget_type=\"text-editor.default\">\n\t\t\t\t<div class=\"elementor-widget-container\">\n\t\t\t\t\t\t\t\t\t<p style=\"text-align: center;\">\u00dcberschiebungen<\/p>\t\t\t\t\t\t\t\t<\/div>\n\t\t\t\t<\/div>\n\t\t\t\t\t<\/div>\n\t\t<\/div>\n\t\t\t\t\t<\/div>\n\t\t<\/section>\n\t\t\t\t<section class=\"elementor-section elementor-top-section elementor-element elementor-element-16f4b91 elementor-section-boxed elementor-section-height-default elementor-section-height-default\" data-id=\"16f4b91\" data-element_type=\"section\" data-e-type=\"section\">\n\t\t\t\t\t\t<div class=\"elementor-container elementor-column-gap-default\">\n\t\t\t\t\t<div class=\"elementor-column elementor-col-33 elementor-top-column elementor-element elementor-element-88991b9\" data-id=\"88991b9\" data-element_type=\"column\" data-e-type=\"column\">\n\t\t\t<div class=\"elementor-widget-wrap elementor-element-populated\">\n\t\t\t\t\t\t<div class=\"elementor-element elementor-element-2e1fad5 elementor-widget elementor-widget-image\" data-id=\"2e1fad5\" data-element_type=\"widget\" data-e-type=\"widget\" data-widget_type=\"image.default\">\n\t\t\t\t<div class=\"elementor-widget-container\">\n\t\t\t\t\t\t\t\t\t\t\t\t\t\t\t\t<a href=\"https:\/\/www.csi-alps.unibe.ch\/?page_id=2751\">\n\t\t\t\t\t\t\t<img loading=\"lazy\" decoding=\"async\" width=\"360\" height=\"240\" src=\"https:\/\/www.csi-alps.unibe.ch\/wp-content\/uploads\/2022\/06\/27905-561-Diablerets-360x240.jpg\" class=\"attachment-hestia-blog size-hestia-blog wp-image-2753\" alt=\"\" srcset=\"https:\/\/www.csi-alps.unibe.ch\/wp-content\/uploads\/2022\/06\/27905-561-Diablerets-360x240.jpg 360w, https:\/\/www.csi-alps.unibe.ch\/wp-content\/uploads\/2022\/06\/27905-561-Diablerets-300x200.jpg 300w, https:\/\/www.csi-alps.unibe.ch\/wp-content\/uploads\/2022\/06\/27905-561-Diablerets-1024x683.jpg 1024w, https:\/\/www.csi-alps.unibe.ch\/wp-content\/uploads\/2022\/06\/27905-561-Diablerets-768x512.jpg 768w, https:\/\/www.csi-alps.unibe.ch\/wp-content\/uploads\/2022\/06\/27905-561-Diablerets-1536x1024.jpg 1536w, https:\/\/www.csi-alps.unibe.ch\/wp-content\/uploads\/2022\/06\/27905-561-Diablerets-2048x1365.jpg 2048w, https:\/\/www.csi-alps.unibe.ch\/wp-content\/uploads\/2022\/06\/27905-561-Diablerets-24x16.jpg 24w, https:\/\/www.csi-alps.unibe.ch\/wp-content\/uploads\/2022\/06\/27905-561-Diablerets-36x24.jpg 36w, https:\/\/www.csi-alps.unibe.ch\/wp-content\/uploads\/2022\/06\/27905-561-Diablerets-48x32.jpg 48w\" sizes=\"(max-width: 360px) 100vw, 360px\" \/>\t\t\t\t\t\t\t\t<\/a>\n\t\t\t\t\t\t\t\t\t\t\t\t\t\t\t<\/div>\n\t\t\t\t<\/div>\n\t\t\t\t<div class=\"elementor-element elementor-element-2d0f358 elementor-widget elementor-widget-text-editor\" data-id=\"2d0f358\" data-element_type=\"widget\" data-e-type=\"widget\" data-widget_type=\"text-editor.default\">\n\t\t\t\t<div class=\"elementor-widget-container\">\n\t\t\t\t\t\t\t\t\t<p style=\"text-align: center;\">Sedimentschichten<\/p>\t\t\t\t\t\t\t\t<\/div>\n\t\t\t\t<\/div>\n\t\t\t\t\t<\/div>\n\t\t<\/div>\n\t\t\t\t<div class=\"elementor-column elementor-col-33 elementor-top-column elementor-element elementor-element-ffe2cd5\" data-id=\"ffe2cd5\" data-element_type=\"column\" data-e-type=\"column\">\n\t\t\t<div class=\"elementor-widget-wrap elementor-element-populated\">\n\t\t\t\t\t\t<div class=\"elementor-element elementor-element-707260f elementor-widget elementor-widget-image\" data-id=\"707260f\" data-element_type=\"widget\" data-e-type=\"widget\" data-widget_type=\"image.default\">\n\t\t\t\t<div class=\"elementor-widget-container\">\n\t\t\t\t\t\t\t\t\t\t\t\t\t\t\t\t<a href=\"https:\/\/www.csi-alps.unibe.ch\/?page_id=2776\">\n\t\t\t\t\t\t\t<img loading=\"lazy\" decoding=\"async\" width=\"360\" height=\"240\" src=\"https:\/\/www.csi-alps.unibe.ch\/wp-content\/uploads\/2022\/06\/27942-009-Torrone-Bergell-360x240.jpg\" class=\"attachment-hestia-blog size-hestia-blog wp-image-2779\" alt=\"\" srcset=\"https:\/\/www.csi-alps.unibe.ch\/wp-content\/uploads\/2022\/06\/27942-009-Torrone-Bergell-360x240.jpg 360w, https:\/\/www.csi-alps.unibe.ch\/wp-content\/uploads\/2022\/06\/27942-009-Torrone-Bergell-300x200.jpg 300w, https:\/\/www.csi-alps.unibe.ch\/wp-content\/uploads\/2022\/06\/27942-009-Torrone-Bergell-1024x683.jpg 1024w, https:\/\/www.csi-alps.unibe.ch\/wp-content\/uploads\/2022\/06\/27942-009-Torrone-Bergell-768x512.jpg 768w, https:\/\/www.csi-alps.unibe.ch\/wp-content\/uploads\/2022\/06\/27942-009-Torrone-Bergell-24x16.jpg 24w, https:\/\/www.csi-alps.unibe.ch\/wp-content\/uploads\/2022\/06\/27942-009-Torrone-Bergell-36x24.jpg 36w, https:\/\/www.csi-alps.unibe.ch\/wp-content\/uploads\/2022\/06\/27942-009-Torrone-Bergell-48x32.jpg 48w, https:\/\/www.csi-alps.unibe.ch\/wp-content\/uploads\/2022\/06\/27942-009-Torrone-Bergell.jpg 1500w\" sizes=\"(max-width: 360px) 100vw, 360px\" \/>\t\t\t\t\t\t\t\t<\/a>\n\t\t\t\t\t\t\t\t\t\t\t\t\t\t\t<\/div>\n\t\t\t\t<\/div>\n\t\t\t\t<div class=\"elementor-element elementor-element-68157d2 elementor-widget elementor-widget-text-editor\" data-id=\"68157d2\" data-element_type=\"widget\" data-e-type=\"widget\" data-widget_type=\"text-editor.default\">\n\t\t\t\t<div class=\"elementor-widget-container\">\n\t\t\t\t\t\t\t\t\t<p style=\"text-align: center;\">Magmatische Gesteine<\/p>\t\t\t\t\t\t\t\t<\/div>\n\t\t\t\t<\/div>\n\t\t\t\t\t<\/div>\n\t\t<\/div>\n\t\t\t\t<div class=\"elementor-column elementor-col-33 elementor-top-column elementor-element elementor-element-ac46b1a\" data-id=\"ac46b1a\" data-element_type=\"column\" data-e-type=\"column\">\n\t\t\t<div class=\"elementor-widget-wrap elementor-element-populated\">\n\t\t\t\t\t\t<div class=\"elementor-element elementor-element-54ab171 elementor-widget elementor-widget-image\" data-id=\"54ab171\" data-element_type=\"widget\" data-e-type=\"widget\" data-widget_type=\"image.default\">\n\t\t\t\t<div class=\"elementor-widget-container\">\n\t\t\t\t\t\t\t\t\t\t\t\t\t\t\t\t<a href=\"https:\/\/www.csi-alps.unibe.ch\/?page_id=2783\">\n\t\t\t\t\t\t\t<img loading=\"lazy\" decoding=\"async\" width=\"360\" height=\"240\" src=\"https:\/\/www.csi-alps.unibe.ch\/wp-content\/uploads\/2022\/06\/27811-029-Blockgletscher-MedergenLitziru\u0308ti-Arosa-360x240.jpg\" class=\"attachment-hestia-blog size-hestia-blog wp-image-2785\" alt=\"\" srcset=\"https:\/\/www.csi-alps.unibe.ch\/wp-content\/uploads\/2022\/06\/27811-029-Blockgletscher-MedergenLitziru\u0308ti-Arosa-360x240.jpg 360w, https:\/\/www.csi-alps.unibe.ch\/wp-content\/uploads\/2022\/06\/27811-029-Blockgletscher-MedergenLitziru\u0308ti-Arosa-300x200.jpg 300w, https:\/\/www.csi-alps.unibe.ch\/wp-content\/uploads\/2022\/06\/27811-029-Blockgletscher-MedergenLitziru\u0308ti-Arosa-1024x683.jpg 1024w, https:\/\/www.csi-alps.unibe.ch\/wp-content\/uploads\/2022\/06\/27811-029-Blockgletscher-MedergenLitziru\u0308ti-Arosa-768x512.jpg 768w, https:\/\/www.csi-alps.unibe.ch\/wp-content\/uploads\/2022\/06\/27811-029-Blockgletscher-MedergenLitziru\u0308ti-Arosa-24x16.jpg 24w, https:\/\/www.csi-alps.unibe.ch\/wp-content\/uploads\/2022\/06\/27811-029-Blockgletscher-MedergenLitziru\u0308ti-Arosa-36x24.jpg 36w, https:\/\/www.csi-alps.unibe.ch\/wp-content\/uploads\/2022\/06\/27811-029-Blockgletscher-MedergenLitziru\u0308ti-Arosa-48x32.jpg 48w, https:\/\/www.csi-alps.unibe.ch\/wp-content\/uploads\/2022\/06\/27811-029-Blockgletscher-MedergenLitziru\u0308ti-Arosa.jpg 1500w\" sizes=\"(max-width: 360px) 100vw, 360px\" \/>\t\t\t\t\t\t\t\t<\/a>\n\t\t\t\t\t\t\t\t\t\t\t\t\t\t\t<\/div>\n\t\t\t\t<\/div>\n\t\t\t\t<div class=\"elementor-element elementor-element-d56f3b9 elementor-widget elementor-widget-text-editor\" data-id=\"d56f3b9\" data-element_type=\"widget\" data-e-type=\"widget\" data-widget_type=\"text-editor.default\">\n\t\t\t\t<div class=\"elementor-widget-container\">\n\t\t\t\t\t\t\t\t\t<p style=\"text-align: center;\">Geomorphologie<\/p>\t\t\t\t\t\t\t\t<\/div>\n\t\t\t\t<\/div>\n\t\t\t\t\t<\/div>\n\t\t<\/div>\n\t\t\t\t\t<\/div>\n\t\t<\/section>\n\t\t\t\t<section class=\"elementor-section elementor-top-section elementor-element elementor-element-5620222 elementor-section-boxed elementor-section-height-default elementor-section-height-default\" data-id=\"5620222\" data-element_type=\"section\" data-e-type=\"section\">\n\t\t\t\t\t\t<div class=\"elementor-container elementor-column-gap-default\">\n\t\t\t\t\t<div class=\"elementor-column elementor-col-100 elementor-top-column elementor-element elementor-element-0237156\" data-id=\"0237156\" data-element_type=\"column\" data-e-type=\"column\">\n\t\t\t<div class=\"elementor-widget-wrap elementor-element-populated\">\n\t\t\t\t\t\t<div class=\"elementor-element elementor-element-bc524a3 elementor-widget elementor-widget-text-editor\" data-id=\"bc524a3\" data-element_type=\"widget\" data-e-type=\"widget\" data-widget_type=\"text-editor.default\">\n\t\t\t\t<div class=\"elementor-widget-container\">\n\t\t\t\t\t\t\t\t\t<p><span style=\"caret-color: #212121; color: #212121; font-family: Arial; font-size: 16px; font-style: normal; font-variant-caps: normal; font-weight: 400; letter-spacing: normal; orphans: auto; text-align: start; text-indent: 0px; text-transform: none; white-space: normal; widows: auto; word-spacing: 0px; -webkit-text-stroke-width: 0px; text-decoration: none; display: inline !important; float: none;\">Bilder zur Verf\u00fcgung gestellt von Kurt St\u00fcwe, Ruedi Homberger: <a href=\"http:\/\/www.alpengeologie.org\/\" target=\"_blank\" rel=\"noopener\">Geologie der Alpen aus der Luft<\/a><\/span><\/p>\t\t\t\t\t\t\t\t<\/div>\n\t\t\t\t<\/div>\n\t\t\t\t\t<\/div>\n\t\t<\/div>\n\t\t\t\t\t<\/div>\n\t\t<\/section>\n\t\t\t\t<\/div>\n\t\t","protected":false},"excerpt":{"rendered":"<p>Gallerien Panoramen Falten \u00dcberschiebungen Sedimentschichten Magmatische Gesteine Geomorphologie Bilder zur Verf\u00fcgung gestellt von Kurt St\u00fcwe, Ruedi Homberger: Geologie der Alpen aus der Luft<\/p>\n","protected":false},"author":2,"featured_media":2741,"parent":57,"menu_order":8,"comment_status":"closed","ping_status":"closed","template":"","meta":{"footnotes":""},"class_list":["post-2694","page","type-page","status-publish","has-post-thumbnail","hentry"],"_links":{"self":[{"href":"https:\/\/www.csi-alps.unibe.ch\/index.php?rest_route=\/wp\/v2\/pages\/2694","targetHints":{"allow":["GET"]}}],"collection":[{"href":"https:\/\/www.csi-alps.unibe.ch\/index.php?rest_route=\/wp\/v2\/pages"}],"about":[{"href":"https:\/\/www.csi-alps.unibe.ch\/index.php?rest_route=\/wp\/v2\/types\/page"}],"author":[{"embeddable":true,"href":"https:\/\/www.csi-alps.unibe.ch\/index.php?rest_route=\/wp\/v2\/users\/2"}],"replies":[{"embeddable":true,"href":"https:\/\/www.csi-alps.unibe.ch\/index.php?rest_route=%2Fwp%2Fv2%2Fcomments&post=2694"}],"version-history":[{"count":29,"href":"https:\/\/www.csi-alps.unibe.ch\/index.php?rest_route=\/wp\/v2\/pages\/2694\/revisions"}],"predecessor-version":[{"id":2985,"href":"https:\/\/www.csi-alps.unibe.ch\/index.php?rest_route=\/wp\/v2\/pages\/2694\/revisions\/2985"}],"up":[{"embeddable":true,"href":"https:\/\/www.csi-alps.unibe.ch\/index.php?rest_route=\/wp\/v2\/pages\/57"}],"wp:featuredmedia":[{"embeddable":true,"href":"https:\/\/www.csi-alps.unibe.ch\/index.php?rest_route=\/wp\/v2\/media\/2741"}],"wp:attachment":[{"href":"https:\/\/www.csi-alps.unibe.ch\/index.php?rest_route=%2Fwp%2Fv2%2Fmedia&parent=2694"}],"curies":[{"name":"wp","href":"https:\/\/api.w.org\/{rel}","templated":true}]}}