{"id":254,"date":"2021-07-08T14:48:33","date_gmt":"2021-07-08T14:48:33","guid":{"rendered":"https:\/\/www.csi-alps.unibe.ch\/?page_id=254"},"modified":"2022-06-14T15:07:36","modified_gmt":"2022-06-14T15:07:36","slug":"einfuhrung-fur-lehrpersonen","status":"publish","type":"page","link":"https:\/\/www.csi-alps.unibe.ch\/?page_id=254","title":{"rendered":"Einf\u00fchrung f\u00fcr Lehrpersonen"},"content":{"rendered":"\n<h2 class=\"wp-block-heading\">Geologie ist \u00fcberall &#8211; \u00fcberall ist Geologie<\/h2>\n\n\n\n<div class=\"wp-block-columns is-layout-flex wp-container-core-columns-is-layout-9d6595d7 wp-block-columns-is-layout-flex\">\n<div class=\"wp-block-column is-layout-flow wp-block-column-is-layout-flow\" style=\"flex-basis:100%\">\n<p>Geowissenschaftliche Disziplinen wie Geologie, Geophysik, Geomorphologie, Hydrologie, Glaziologie oder Pedologie begleiten uns im Alltag st\u00e4ndig, auch wenn wir uns dessen nicht immer bewusst sind. Seit alters her hat der Mensch gelernt, Landschaftsformen, Gew\u00e4sser, Gesteine und B\u00f6den zu beurteilen, um sich mit Rohstoffen zu versorgen, um seine Siedlungen an sicheren Orten und seine \u00c4cker auf fruchtbarem Boden anzulegen, und um seine H\u00e4user aus m\u00f6glichst solidem Material zu bauen. Die Geowissenschaften sind in der Schweiz als zentrales Alpenland historisch tief verankert und schweizer Geowissenschaftlerinnen und Geowissenschaftler geniessen weltweit ein hohes Ansehen. Da Zugang und Dokumentation aussergew\u00f6hnlich gut sind, ziehen die Alpen auch Wissenschaftlerinnen und Wissenschaftler aus aller Welt an. <\/p>\n<\/div>\n<\/div>\n\n\n\n<p>Hier finden Sie den gesamten <a rel=\"noreferrer noopener\" href=\"https:\/\/www.csi-alps.unibe.ch\/wp-content\/uploads\/2022\/04\/Einfu\u0308hrung-fu\u0308r-Lehrpersonen.pdf\" target=\"_blank\">Einf\u00fchrungstext<\/a> (pdf) und einen <a href=\"https:\/\/www.csi-alps.unibe.ch\/wp-content\/uploads\/2022\/04\/U%CC%88berblick-u%CC%88ber-alle-verfu%CC%88gbaren-Dokumente-der-Module-1-bis-5-1.pdf\" target=\"_blank\" rel=\"noreferrer noopener\">\u00dcberblick \u00fcber alle Dokumente<\/a> (pdf).<\/p>\n\n\n\n<p>Auf der <a href=\"https:\/\/www.csi-alps.unibe.ch\/?page_id=60\" data-type=\"page\" data-id=\"60\">Downladseite<\/a> finden Sie alle Dokumente zum herunterladen.<\/p>\n\n\n\n<div data-wp-interactive=\"core\/file\" class=\"wp-block-file\"><object data-wp-bind--hidden=\"!state.hasPdfPreview\" hidden class=\"wp-block-file__embed\" data=\"https:\/\/www.csi-alps.unibe.ch\/wp-content\/uploads\/2022\/04\/Einfu\u0308hrung-fu\u0308r-Lehrpersonen.pdf\" type=\"application\/pdf\" style=\"width:100%;height:800px\" aria-label=\"Embed of Embed of Einfu\u0308hrung fu\u0308r Lehrpersonen..\"><\/object><a id=\"wp-block-file--media-db18a9d4-f263-45f9-946b-8ef2e83884a2\" href=\"https:\/\/www.csi-alps.unibe.ch\/wp-content\/uploads\/2022\/04\/Einfu\u0308hrung-fu\u0308r-Lehrpersonen.pdf\">Einfu\u0308hrung fu\u0308r Lehrpersonen<\/a><a href=\"https:\/\/www.csi-alps.unibe.ch\/wp-content\/uploads\/2022\/04\/Einfu\u0308hrung-fu\u0308r-Lehrpersonen.pdf\" class=\"wp-block-file__button\" download aria-describedby=\"wp-block-file--media-db18a9d4-f263-45f9-946b-8ef2e83884a2\">Download<\/a><\/div>\n","protected":false},"excerpt":{"rendered":"<p>Geologie ist \u00fcberall &#8211; \u00fcberall ist Geologie Geowissenschaftliche Disziplinen wie Geologie, Geophysik, Geomorphologie, Hydrologie, Glaziologie oder Pedologie begleiten uns im Alltag st\u00e4ndig, auch wenn wir uns dessen nicht immer bewusst sind. Seit alters her hat der Mensch gelernt, Landschaftsformen, Gew\u00e4sser, Gesteine und B\u00f6den zu beurteilen, um sich mit Rohstoffen zu [&hellip;]<\/p>\n","protected":false},"author":2,"featured_media":1395,"parent":502,"menu_order":0,"comment_status":"closed","ping_status":"closed","template":"","meta":{"footnotes":""},"class_list":["post-254","page","type-page","status-publish","has-post-thumbnail","hentry"],"_links":{"self":[{"href":"https:\/\/www.csi-alps.unibe.ch\/index.php?rest_route=\/wp\/v2\/pages\/254","targetHints":{"allow":["GET"]}}],"collection":[{"href":"https:\/\/www.csi-alps.unibe.ch\/index.php?rest_route=\/wp\/v2\/pages"}],"about":[{"href":"https:\/\/www.csi-alps.unibe.ch\/index.php?rest_route=\/wp\/v2\/types\/page"}],"author":[{"embeddable":true,"href":"https:\/\/www.csi-alps.unibe.ch\/index.php?rest_route=\/wp\/v2\/users\/2"}],"replies":[{"embeddable":true,"href":"https:\/\/www.csi-alps.unibe.ch\/index.php?rest_route=%2Fwp%2Fv2%2Fcomments&post=254"}],"version-history":[{"count":23,"href":"https:\/\/www.csi-alps.unibe.ch\/index.php?rest_route=\/wp\/v2\/pages\/254\/revisions"}],"predecessor-version":[{"id":2952,"href":"https:\/\/www.csi-alps.unibe.ch\/index.php?rest_route=\/wp\/v2\/pages\/254\/revisions\/2952"}],"up":[{"embeddable":true,"href":"https:\/\/www.csi-alps.unibe.ch\/index.php?rest_route=\/wp\/v2\/pages\/502"}],"wp:featuredmedia":[{"embeddable":true,"href":"https:\/\/www.csi-alps.unibe.ch\/index.php?rest_route=\/wp\/v2\/media\/1395"}],"wp:attachment":[{"href":"https:\/\/www.csi-alps.unibe.ch\/index.php?rest_route=%2Fwp%2Fv2%2Fmedia&parent=254"}],"curies":[{"name":"wp","href":"https:\/\/api.w.org\/{rel}","templated":true}]}}