{"id":1398,"date":"2021-09-24T09:14:22","date_gmt":"2021-09-24T09:14:22","guid":{"rendered":"https:\/\/www.csi-alps.unibe.ch\/?page_id=1398"},"modified":"2025-08-05T12:30:23","modified_gmt":"2025-08-05T12:30:23","slug":"links","status":"publish","type":"page","link":"https:\/\/www.csi-alps.unibe.ch\/?page_id=1398","title":{"rendered":"Links"},"content":{"rendered":"\n<p>Hier finden Sie weitere interessante Seiten, die f\u00fcr Sie n\u00fctzlich sein k\u00f6nnten.<\/p>\n\n\n\n<div class=\"wp-block-columns is-layout-flex wp-container-core-columns-is-layout-9d6595d7 wp-block-columns-is-layout-flex\">\n<div class=\"wp-block-column wp_b_box is-layout-flow wp-block-column-is-layout-flow\">\n<h3 class=\"wp-block-heading\">Urban Geotrails<\/h3>\n\n\n\n<figure class=\"wp-block-image size-large\"><a href=\"https:\/\/urban-geotrails.unibe.ch\/\" target=\"_blank\" rel=\"noopener\"><img fetchpriority=\"high\" decoding=\"async\" width=\"1024\" height=\"714\" src=\"https:\/\/www.csi-alps.unibe.ch\/wp-content\/uploads\/2021\/09\/UrbanGeotrailBern-1024x714.jpg\" alt=\"\" class=\"wp-image-1403\" srcset=\"https:\/\/www.csi-alps.unibe.ch\/wp-content\/uploads\/2021\/09\/UrbanGeotrailBern-1024x714.jpg 1024w, https:\/\/www.csi-alps.unibe.ch\/wp-content\/uploads\/2021\/09\/UrbanGeotrailBern-300x209.jpg 300w, https:\/\/www.csi-alps.unibe.ch\/wp-content\/uploads\/2021\/09\/UrbanGeotrailBern-768x535.jpg 768w, https:\/\/www.csi-alps.unibe.ch\/wp-content\/uploads\/2021\/09\/UrbanGeotrailBern-24x17.jpg 24w, https:\/\/www.csi-alps.unibe.ch\/wp-content\/uploads\/2021\/09\/UrbanGeotrailBern-36x25.jpg 36w, https:\/\/www.csi-alps.unibe.ch\/wp-content\/uploads\/2021\/09\/UrbanGeotrailBern-48x33.jpg 48w, https:\/\/www.csi-alps.unibe.ch\/wp-content\/uploads\/2021\/09\/UrbanGeotrailBern.jpg 1184w\" sizes=\"(max-width: 1024px) 100vw, 1024px\" \/><\/a><\/figure>\n\n\n\n<p>Das Projekt &#8220;<a href=\"https:\/\/urban-geotrails.unibe.ch\/\" target=\"_blank\" rel=\"noreferrer noopener\">Urban Geotraills<\/a>&#8221; weckt \u00fcber einen niederschwelligen, spielerischen Zugang das Interesse von Sch\u00fclerinnen und Sch\u00fclern der Sekundarstufe I+II an erdwissenschaftlichen Themen und an deren Verkn\u00fcpfungen mit der allt\u00e4glichen Erlebenswelt.<\/p>\n<\/div>\n\n\n\n<div class=\"wp-block-column wp_b_box is-layout-flow wp-block-column-is-layout-flow\">\n<h3 class=\"wp-block-heading\">Erlebnis Geologie<\/h3>\n\n\n\n<figure class=\"wp-block-image size-full\"><a href=\"https:\/\/www.erlebnis-geologie.ch\/\" target=\"_blank\" rel=\"noopener\"><img decoding=\"async\" width=\"992\" height=\"679\" src=\"https:\/\/www.csi-alps.unibe.ch\/wp-content\/uploads\/2021\/09\/ErlebnisGeologie.jpg\" alt=\"\" class=\"wp-image-1404\" srcset=\"https:\/\/www.csi-alps.unibe.ch\/wp-content\/uploads\/2021\/09\/ErlebnisGeologie.jpg 992w, https:\/\/www.csi-alps.unibe.ch\/wp-content\/uploads\/2021\/09\/ErlebnisGeologie-300x205.jpg 300w, https:\/\/www.csi-alps.unibe.ch\/wp-content\/uploads\/2021\/09\/ErlebnisGeologie-768x526.jpg 768w, https:\/\/www.csi-alps.unibe.ch\/wp-content\/uploads\/2021\/09\/ErlebnisGeologie-24x16.jpg 24w, https:\/\/www.csi-alps.unibe.ch\/wp-content\/uploads\/2021\/09\/ErlebnisGeologie-36x25.jpg 36w, https:\/\/www.csi-alps.unibe.ch\/wp-content\/uploads\/2021\/09\/ErlebnisGeologie-48x33.jpg 48w\" sizes=\"(max-width: 992px) 100vw, 992px\" \/><\/a><\/figure>\n\n\n\n<p>Bei <a href=\"https:\/\/www.erlebnis-geologie.ch\/\" target=\"_blank\" rel=\"noreferrer noopener\">\u00abErlebnis Geologie\u00bb<\/a> finden Sie fortlaufend Veranstaltungen oder GeoEvents auf Anfrage sowie Geosites und Geowege, die Sie individuell besuchen k\u00f6nnen.<\/p>\n<\/div>\n<\/div>\n\n\n\n<div class=\"wp-block-columns is-layout-flex wp-container-core-columns-is-layout-9d6595d7 wp-block-columns-is-layout-flex\">\n<div class=\"wp-block-column wp_b_box is-layout-flow wp-block-column-is-layout-flow\">\n<h3 class=\"wp-block-heading\">map.geo.admin.ch<\/h3>\n\n\n\n<figure class=\"wp-block-image size-full\"><a href=\"https:\/\/map.geo.admin.ch\" target=\"_blank\" rel=\"noopener\"><img decoding=\"async\" width=\"967\" height=\"606\" src=\"https:\/\/www.csi-alps.unibe.ch\/wp-content\/uploads\/2021\/09\/map.geo_.admin_.jpg\" alt=\"\" class=\"wp-image-1407\" srcset=\"https:\/\/www.csi-alps.unibe.ch\/wp-content\/uploads\/2021\/09\/map.geo_.admin_.jpg 967w, https:\/\/www.csi-alps.unibe.ch\/wp-content\/uploads\/2021\/09\/map.geo_.admin_-300x188.jpg 300w, https:\/\/www.csi-alps.unibe.ch\/wp-content\/uploads\/2021\/09\/map.geo_.admin_-768x481.jpg 768w, https:\/\/www.csi-alps.unibe.ch\/wp-content\/uploads\/2021\/09\/map.geo_.admin_-24x15.jpg 24w, https:\/\/www.csi-alps.unibe.ch\/wp-content\/uploads\/2021\/09\/map.geo_.admin_-36x23.jpg 36w, https:\/\/www.csi-alps.unibe.ch\/wp-content\/uploads\/2021\/09\/map.geo_.admin_-48x30.jpg 48w\" sizes=\"(max-width: 967px) 100vw, 967px\" \/><\/a><\/figure>\n\n\n\n<p>\u00dcber <a href=\"https:\/\/map.geo.admin.ch\" target=\"_blank\" rel=\"noreferrer noopener\">map.geo.admin.ch<\/a> haben Sie Zugang zum Kartenmaterial der swisstopo. \u00dcber den Geokatalog k\u00f6nnen Sie Ebenen rund um die Geologie einblenden.<\/p>\n<\/div>\n\n\n\n<div class=\"wp-block-column is-layout-flow wp-block-column-is-layout-flow\"><\/div>\n<\/div>\n\n\n\n<p>&nbsp;<\/p>\n","protected":false},"excerpt":{"rendered":"<p>Hier finden Sie weitere interessante Seiten, die f\u00fcr Sie n\u00fctzlich sein k\u00f6nnten. Urban Geotrails Das Projekt &#8220;Urban Geotraills&#8221; weckt \u00fcber einen niederschwelligen, spielerischen Zugang das Interesse von Sch\u00fclerinnen und Sch\u00fclern der Sekundarstufe I+II an erdwissenschaftlichen Themen und an deren Verkn\u00fcpfungen mit der allt\u00e4glichen Erlebenswelt. Erlebnis Geologie Bei \u00abErlebnis Geologie\u00bb finden [&hellip;]<\/p>\n","protected":false},"author":2,"featured_media":1293,"parent":0,"menu_order":0,"comment_status":"closed","ping_status":"closed","template":"","meta":{"footnotes":""},"class_list":["post-1398","page","type-page","status-publish","has-post-thumbnail","hentry"],"_links":{"self":[{"href":"https:\/\/www.csi-alps.unibe.ch\/index.php?rest_route=\/wp\/v2\/pages\/1398","targetHints":{"allow":["GET"]}}],"collection":[{"href":"https:\/\/www.csi-alps.unibe.ch\/index.php?rest_route=\/wp\/v2\/pages"}],"about":[{"href":"https:\/\/www.csi-alps.unibe.ch\/index.php?rest_route=\/wp\/v2\/types\/page"}],"author":[{"embeddable":true,"href":"https:\/\/www.csi-alps.unibe.ch\/index.php?rest_route=\/wp\/v2\/users\/2"}],"replies":[{"embeddable":true,"href":"https:\/\/www.csi-alps.unibe.ch\/index.php?rest_route=%2Fwp%2Fv2%2Fcomments&post=1398"}],"version-history":[{"count":17,"href":"https:\/\/www.csi-alps.unibe.ch\/index.php?rest_route=\/wp\/v2\/pages\/1398\/revisions"}],"predecessor-version":[{"id":3225,"href":"https:\/\/www.csi-alps.unibe.ch\/index.php?rest_route=\/wp\/v2\/pages\/1398\/revisions\/3225"}],"wp:featuredmedia":[{"embeddable":true,"href":"https:\/\/www.csi-alps.unibe.ch\/index.php?rest_route=\/wp\/v2\/media\/1293"}],"wp:attachment":[{"href":"https:\/\/www.csi-alps.unibe.ch\/index.php?rest_route=%2Fwp%2Fv2%2Fmedia&parent=1398"}],"curies":[{"name":"wp","href":"https:\/\/api.w.org\/{rel}","templated":true}]}}